{"id":1502,"date":"2024-05-10T11:04:17","date_gmt":"2024-05-10T11:04:17","guid":{"rendered":"https:\/\/www.hgp-legal.de\/informationspflichten\/"},"modified":"2024-06-04T20:05:37","modified_gmt":"2024-06-04T20:05:37","slug":"informationspflichten","status":"publish","type":"page","link":"https:\/\/www.hgp-legal.de\/it\/informationspflichten\/","title":{"rendered":"Obbligo di informazione"},"content":{"rendered":"<style>.kb-row-layout-id1502_d63c1c-91 > .kt-row-column-wrap{align-content:start;}:where(.kb-row-layout-id1502_d63c1c-91 > .kt-row-column-wrap) > .wp-block-kadence-column{justify-content:start;}.kb-row-layout-id1502_d63c1c-91 > .kt-row-column-wrap{column-gap:var(--global-kb-gap-md, 2rem);row-gap:var(--global-kb-gap-md, 2rem);padding-top:var(--global-kb-spacing-sm, 1.5rem);padding-bottom:var(--global-kb-spacing-sm, 1.5rem);grid-template-columns:minmax(0, 1fr);}.kb-row-layout-id1502_d63c1c-91 > .kt-row-layout-overlay{opacity:0.30;}@media all and (max-width: 1024px){.kb-row-layout-id1502_d63c1c-91 > .kt-row-column-wrap{grid-template-columns:minmax(0, 1fr);}}@media all and (max-width: 767px){.kb-row-layout-id1502_d63c1c-91 > .kt-row-column-wrap{grid-template-columns:minmax(0, 1fr);}}<\/style><div class=\"kb-row-layout-wrap kb-row-layout-id1502_d63c1c-91 alignnone has-theme-palette2-background-color kt-row-has-bg wp-block-kadence-rowlayout\"><div class=\"kt-row-column-wrap kt-has-1-columns kt-row-layout-equal kt-tab-layout-inherit kt-mobile-layout-row kt-row-valign-top\">\n<style>.kadence-column1502_71d188-ff > .kt-inside-inner-col,.kadence-column1502_71d188-ff > .kt-inside-inner-col:before{border-top-left-radius:0px;border-top-right-radius:0px;border-bottom-right-radius:0px;border-bottom-left-radius:0px;}.kadence-column1502_71d188-ff > .kt-inside-inner-col{column-gap:var(--global-kb-gap-sm, 1rem);}.kadence-column1502_71d188-ff > .kt-inside-inner-col{flex-direction:column;}.kadence-column1502_71d188-ff > .kt-inside-inner-col > .aligncenter{width:100%;}.kadence-column1502_71d188-ff > .kt-inside-inner-col:before{opacity:0.3;}.kadence-column1502_71d188-ff{position:relative;}@media all and (max-width: 1024px){.kadence-column1502_71d188-ff > .kt-inside-inner-col{flex-direction:column;justify-content:center;}}@media all and (max-width: 767px){.kadence-column1502_71d188-ff > .kt-inside-inner-col{flex-direction:column;justify-content:center;}}<\/style>\n<div class=\"wp-block-kadence-column kadence-column1502_71d188-ff\"><div class=\"kt-inside-inner-col\">\n<h1 class=\"wp-block-heading inhalt headd\">Obbligo di informazione<\/h1>\n<\/div><\/div>\n\n<\/div><\/div>\n\n<style>.kb-row-layout-id1502_666128-10 > .kt-row-column-wrap{align-content:start;}:where(.kb-row-layout-id1502_666128-10 > .kt-row-column-wrap) > .wp-block-kadence-column{justify-content:start;}.kb-row-layout-id1502_666128-10 > .kt-row-column-wrap{column-gap:var(--global-kb-gap-md, 2rem);row-gap:var(--global-kb-gap-md, 2rem);padding-top:var(--global-kb-spacing-sm, 1.5rem);padding-bottom:var(--global-kb-spacing-sm, 1.5rem);grid-template-columns:minmax(0, 1fr);}.kb-row-layout-id1502_666128-10 > .kt-row-layout-overlay{opacity:0.30;}@media all and (max-width: 1024px){.kb-row-layout-id1502_666128-10 > .kt-row-column-wrap{grid-template-columns:minmax(0, 1fr);}}@media all and (max-width: 767px){.kb-row-layout-id1502_666128-10 > .kt-row-column-wrap{grid-template-columns:minmax(0, 1fr);}}<\/style><div class=\"kb-row-layout-wrap kb-row-layout-id1502_666128-10 alignnone schmal datte wp-block-kadence-rowlayout\"><div class=\"kt-row-column-wrap kt-has-1-columns kt-row-layout-equal kt-tab-layout-inherit kt-mobile-layout-row kt-row-valign-top\">\n<style>.kadence-column1502_6f9251-73 > .kt-inside-inner-col,.kadence-column1502_6f9251-73 > .kt-inside-inner-col:before{border-top-left-radius:0px;border-top-right-radius:0px;border-bottom-right-radius:0px;border-bottom-left-radius:0px;}.kadence-column1502_6f9251-73 > .kt-inside-inner-col{column-gap:var(--global-kb-gap-sm, 1rem);}.kadence-column1502_6f9251-73 > .kt-inside-inner-col{flex-direction:column;}.kadence-column1502_6f9251-73 > .kt-inside-inner-col > .aligncenter{width:100%;}.kadence-column1502_6f9251-73 > .kt-inside-inner-col:before{opacity:0.3;}.kadence-column1502_6f9251-73{position:relative;}@media all and (max-width: 1024px){.kadence-column1502_6f9251-73 > .kt-inside-inner-col{flex-direction:column;justify-content:center;}}@media all and (max-width: 767px){.kadence-column1502_6f9251-73 > .kt-inside-inner-col{flex-direction:column;justify-content:center;}}<\/style>\n<div class=\"wp-block-kadence-column kadence-column1502_6f9251-73\"><div class=\"kt-inside-inner-col\">\n<p><strong>Obblighi di informazione ai sensi dell&#8217;art. 13 GDPR<\/strong><br>La protezione dei vostri dati personali ci sta particolarmente a cuore. Per questo motivo trattiamo i vostri dati personali (&#8220;dati&#8221;) esclusivamente sulla base delle disposizioni di legge. Con la presente dichiarazione sulla protezione dei dati desideriamo informarvi in modo esauriente sul trattamento dei vostri dati presso il nostro studio e sui diritti di protezione dei dati che vi spettano ai sensi dell&#8217;art. 13 del Regolamento Generale Europeo sulla Protezione dei Dati (GDPR).<\/p>\n\n\n\n<h2 class=\"wp-block-heading dick\">1. CHI \u00c8 IL RESPONSABILE DEL TRATTAMENTO DEI DATI E CHI SI PU\u00d2 CONTATTARE?<\/h2>\n\n\n\n<p><em>Il responsabile \u00e9:<\/em><br>HUPE | GANTENBERG Rechtsanw\u00e4lte Partnerschaft mbB<br>Brienner Str. 25<br>80333 M\u00fcnchen<br>Tel: +49 (0)89 890 555 6-0<br>E-Mail: <a href=\"mailto:info@hgp-legal.de\">info@hgp-legal.de<\/a><br><\/p>\n\n\n\n<p><em>Il responsabile della protezione della privacy \u00e8<\/em><br>Matthias Ha\u00dfler (LL.M.)<br>Projekt 29 GmbH &amp; Co. KG<br>Ostengasse 14<br>93047 Regensburg<br>E-Mail: m.hassler@projekt29.de<br>Tel.: 0941-2986930<\/p>\n\n\n\n<h2 class=\"wp-block-heading dick\">2. QUALI DATI VENGONO ELABORATI E DA QUALI FONTI PROVENGONO?<\/h2>\n\n\n\n<p>Trattiamo i dati da Lei inviatici nell&#8217;ambito dell&#8217;avvio o dell&#8217;elaborazione del contratto, sulla base del consenso o in relazione alla Sua candidatura presso il nostro studio o al Suo impiego presso di esso.<\/p>\n\n\n\n<p><strong>I dati personali comprendono:<\/strong><br>I dati anagrafici\/di contatto, che per i clienti comprendono ad esempio nome e cognome, indirizzo, dati di contatto (indirizzo e-mail, numero di telefono, fax), coordinate bancarie.<br>Per i candidati e i dipendenti, si tratta, ad esempio, di nome e cognome, indirizzo, dati di contatto (indirizzo e-mail, numero di telefono, fax), data di nascita, dati del CV e referenze, dati bancari, appartenenza religiosa, fotografie.<br>Per i partner commerciali, si tratta, ad esempio, del nome del rappresentante legale, della societ\u00e0, del numero di registro commerciale, della partita IVA, del numero di societ\u00e0, dell&#8217;indirizzo, dei dati di contatto (indirizzo e-mail, numero di telefono, fax), dei dati bancari.<\/p>\n\n\n\n<p><em>Inoltre, trattiamo anche i seguenti altri dati personali:<\/em><\/p>\n\n\n\n<ul class=\"listup wp-block-list\">\n<li>informazioni sul tipo e sul contenuto dei dati contrattuali, dei dati relativi a ordini, dei dati di vendita e delle ricevute, dei documenti dei clienti e di consultazione<\/li>\n\n\n\n<li>informazioni provenienti dalla comunicazione elettronica con noi (ad es. indirizzo IP, dati di log-in),<\/li>\n\n\n\n<li>altri dati che abbiamo ricevuto da Lei nell&#8217;ambito del nostro rapporto d&#8217;affari (ad es. durante le riunioni con i clienti),<\/li>\n\n\n\n<li>dati che generiamo noi stessi a partire da dati anagrafici\/di contatto e altri dati.<\/li>\n<\/ul>\n\n\n\n<h2 class=\"wp-block-heading dick\">3. PER QUALI FINALIT\u00c0 E SU QUALE BASE GIURIDICA VENGONO TRATTATI I DATI?<\/h2>\n\n\n\n<p>Trattiamo i Suoi dati in conformit\u00e0 con le disposizioni del Regolamento Generale sulla Protezione dei Dati (GDPR) e della Legge Federale sulla Protezione dei Dati 2018 e successive modifiche:<\/p>\n\n\n\n<ul class=\"listup wp-block-list\">\n<li>per l&#8217;adempimento di obblighi (pre)contrattuali (art. 6 comma 1lit.b GDPR):<\/li>\n\n\n\n<li>Il trattamento dei Suoi dati avviene per l&#8217;elaborazione del contratto online o in una delle nostre filiali, per l&#8217;elaborazione del contratto del Suo personale nella nostra azienda. I dati vengono trattati in particolare per l&#8217;avvio dell&#8217;attivit\u00e0 e per l&#8217;esecuzione dei contratti con Lei.<\/li>\n\n\n\n<li>Per l&#8217;adempimento di obblighi di legge (art. 6 par. 1 lett. c GDPR):<\/li>\n\n\n\n<li>L&#8217;elaborazione dei Suoi dati \u00e8 necessaria per adempiere a vari obblighi di legge, ad esempio quelli previsti dal Codice commerciale tedesco o dal Codice fiscale tedesco.<\/li>\n\n\n\n<li>Per salvaguardare interessi legittimi (art. 6 par. 1 lett. f GDPR):<\/li>\n\n\n\n<li>Sulla base di una ponderazione degli interessi, l&#8217;elaborazione dei dati pu\u00f2 avvenire al di l\u00e0 dell&#8217;effettivo adempimento del contratto per tutelare i nostri interessi legittimi o quelli di terzi. Il trattamento dei dati per la tutela di interessi legittimi avviene, ad esempio, nei seguenti casi:\n<ul class=\"wp-block-list\">\n<li>Misure per la gestione aziendale<\/li>\n\n\n\n<li>Mantenimento di una banca dati aziendale<\/li>\n\n\n\n<li>nell&#8217;ambito di procedimenti giudiziari<\/li>\n\n\n\n<li>Invio di informazioni e comunicati stampa non promozionali.<\/li>\n<\/ul>\n<\/li>\n\n\n\n<li>Nell&#8217;ambito del vostro consenso (art. 6 par. 1 lett. a GDPR):<br>Se ci avete dato il consenso al trattamento dei vostri dati, ad esempio per la pubblicazione di foto.<\/li>\n<\/ul>\n\n\n\n<h2 class=\"wp-block-heading dick\">4. TRATTAMENTO DEI DATI PERSONALI A FINI PUBBLICITARI<\/h2>\n\n\n\n<p>\u00c8 possibile opporsi in qualsiasi momento all&#8217;utilizzo dei propri dati personali a fini pubblicitari, sia nel loro complesso che per singole misure, senza dover sostenere alcun costo oltre a quelli di trasmissione secondo le tariffe di base.<\/p>\n\n\n\n<p>Ai sensi dell&#8217;art. 7 (3) UWG, siamo autorizzati a utilizzare l&#8217;indirizzo e-mail da voi fornito al momento della stipula del contratto per la pubblicit\u00e0 diretta di prodotti o servizi analoghi di nostra propriet\u00e0. Riceverete questi consigli sui prodotti da parte nostra indipendentemente dal fatto che vi siate iscritti a una newsletter. Se non desiderate ricevere tali raccomandazioni da parte nostra via e-mail, potete opporvi in qualsiasi momento all&#8217;utilizzo del vostro indirizzo a tale scopo, senza dover sostenere alcun costo oltre a quelli di trasmissione secondo le tariffe di base. A tal fine \u00e8 sufficiente un messaggio in forma di testo. Naturalmente, in ogni e-mail \u00e8 sempre presente un link per l&#8217;annullamento dell&#8217;iscrizione.<\/p>\n\n\n\n<h2 class=\"wp-block-heading dick\">5. CHI RICEVE I MIEI DATI?<\/h2>\n\n\n\n<p>Se utilizziamo un fornitore di servizi per l&#8217;elaborazione degli ordini, rimaniamo comunque responsabili della protezione dei vostri dati. Tutti gli incaricati del trattamento sono obbligati per contratto a trattare i vostri dati in modo confidenziale e ad elaborarli solo nell&#8217;ambito della fornitura del servizio. Gli incaricati del trattamento da noi incaricati riceveranno i vostri dati se ne hanno bisogno per adempiere al loro rispettivo servizio. Si tratta, ad esempio, di fornitori di servizi informatici di cui abbiamo bisogno per il funzionamento e la sicurezza del nostro sistema informatico, nonch\u00e9 di editori di pubblicit\u00e0 e indirizzi per le nostre campagne pubblicitarie.<\/p>\n\n\n\n<p>I vostri dati vengono elaborati nel nostro database clienti.<\/p>\n\n\n\n<p>In caso di obblighi legali e nell&#8217;ambito di procedimenti giudiziari, le autorit\u00e0 e i tribunali, nonch\u00e9 i revisori esterni, possono essere destinatari dei vostri dati. Inoltre, compagnie assicurative, banche, agenzie di credito e fornitori di servizi possono essere destinatari dei vostri dati ai fini dell&#8217;avvio e dell&#8217;esecuzione del contratto.<\/p>\n\n\n\n<h2 class=\"wp-block-heading dick\">6. PER QUANTO TEMPO SARANNO CONSERVATI I MIEI DATI?<\/h2>\n\n\n\n<p>Trattiamo i Suoi dati fino alla fine del rapporto commerciale o fino alla scadenza dei periodi di conservazione previsti dalla legge (ad esempio dal Codice commerciale tedesco, dal Codice fiscale tedesco o dalla Legge sull&#8217;orario di lavoro); inoltre, fino alla fine di eventuali controversie legali in cui i dati sono richiesti come prova.<\/p>\n\n\n\n<h2 class=\"wp-block-heading dick\">7. I DATI PERSONALI VENGONO TRASFERITI IN UN PAESE TERZO?<\/h2>\n\n\n\n<p>In linea di principio, non trasferiamo alcun dato a un Paese terzo. In singoli casi, i dati vengono trasferiti solo sulla base di una decisione di adeguatezza della Commissione europea, di clausole contrattuali standard, di garanzie adeguate o del vostro esplicito consenso.<\/p>\n\n\n\n<h2 class=\"wp-block-heading dick\">8. QUALI DIRITTI DI PROTEZIONE DEI DATI HO?<\/h2>\n\n\n\n<p>Avete il diritto all&#8217;informazione, alla correzione, alla cancellazione o alla limitazione del trattamento dei vostri dati memorizzati, il diritto di opporvi al trattamento, nonch\u00e9 il diritto alla portabilit\u00e0 dei dati e di presentare un reclamo in conformit\u00e0 ai requisiti della legge sulla protezione dei dati.<\/p>\n\n\n\n<p><strong>Diritto all&#8217;informazione:<\/strong><br>\u00c8 possibile richiedere informazioni su se e in che misura trattiamo i Suoi dati.<\/p>\n\n\n\n<p><strong>Diritto di rettifica:<\/strong><br>Se i Suoi dati vengono elaborati in modo incompleto o errato, pu\u00f2 richiedere in qualsiasi momento che vengano corretti o completati.<\/p>\n\n\n\n<p><strong>Diritto alla cancellazione:<\/strong><br>\u00c8 possibile richiedere la cancellazione dei Suoi dati qualora vengano elaborati in modo illegittimo o se l&#8217;elaborazione interferisce in modo sproporzionato con i Suoi legittimi interessi di protezione. Si noti che potrebbero esserci motivi che impediscono la cancellazione immediata, ad esempio in caso di obblighi di conservazione previsti dalla legge. Indipendentemente dall&#8217;esercizio del diritto di cancellazione, cancelleremo i vostri dati immediatamente e completamente, a condizione che non vi siano obblighi di conservazione legali o statutari contrari.<\/p>\n\n\n\n<p><strong>Diritto alla limitazione del trattamento dati:<\/strong><br>\u00c8 possibile richiedere la limitazione del trattamento dei propri dati se<\/p>\n\n\n\n<ul class=\"listup wp-block-list\">\n<li>si contesta l&#8217;esattezza dei dati, per un periodo che ci consenta di verificarla<\/li>\n\n\n\n<li>il trattamento dei dati \u00e8 illegale, ma si oppone alla cancellazione dei dati e chiede invece la limitazione del loro utilizzo<\/li>\n\n\n\n<li>non abbiamo pi\u00f9 bisogno dei dati per lo scopo previsto, ma Lei ha ancora bisogno di essi per l&#8217;affermazione o la difesa di rivendicazioni legali, oppure<\/li>\n\n\n\n<li>Lei si oppone all&#8217;elaborazione dei dati.<\/li>\n<\/ul>\n\n\n\n<p><strong><strong>Diritto alla trasferibilit\u00e0 dei dati:<\/strong><\/strong><br>\u00c8 possibile richiedere la trasmissione dei dati fornitici in un formato strutturato, comunemente utilizzato e leggibile da una macchina e la trasmissione di tali dati a un altro titolare del trattamento senza alcun ostacolo da parte nostra, a condizione che<\/p>\n\n\n\n<ul class=\"listup wp-block-list\">\n<li>trattiamo tali dati sulla base del Suo consenso revocabile o per l&#8217;adempimento di un contratto tra di noi, e<\/li>\n\n\n\n<li>il trattamento sia effettuato mediante procedure automatizzate.<\/li>\n<\/ul>\n\n\n\n<p>Qualora fosse tecnicamente possibile, si pu\u00f2 richiedere che i dati vengano trasferiti direttamente a un altro responsabile del trattamento.<br><br><strong><strong>Diritto di opposizione:<\/strong><\/strong><br>Qualora trattassimo i Suoi dati sulla base di un interesse legittimo, potr\u00e0 opporsi a tale trattamento in qualsiasi momento; ci\u00f2 vale anche per la profilazione basata sulle presenti disposizioni. In tal caso non tratteremo pi\u00f9 i Suoi dati, a meno che non possiamo dimostrare l&#8217;esistenza di motivi legittimi impellenti per il trattamento che prevalgano sui Suoi interessi, diritti e libert\u00e0 o che il trattamento serva per l&#8217;istituzione, l&#8217;esercizio o la difesa di rivendicazioni legali. \u00c8 possibile opporsi in qualsiasi momento al trattamento dei propri dati a fini di pubblicit\u00e0 diretta, senza doverne indicare i motivi.<br><br><strong><strong>Diritto di presentare un reclamo:<\/strong><\/strong><br>Se si ritiene che il trattamento dei dati personali da parte nostra violi la normativa tedesca o europea in materia di protezione dei dati, si prega di contattarci per chiarire eventuali dubbi. Naturalmente, avr\u00e0 anche il diritto di rivolgersi all&#8217;autorit\u00e0 di controllo competente per Lei, il rispettivo ufficio statale per il controllo della protezione dei dati. Qualora si desideri far valere uno di questi diritti nei nostri confronti, si prega di contattare il nostro responsabile della protezione dei dati. In caso di dubbio, potremmo richiedere ulteriori informazioni per confermare la Sua identit\u00e0.<\/p>\n\n\n\n<h2 class=\"wp-block-heading dick\">9. SONO OBBLIGATO A FORNIRE I MIEI DATI?<\/h2>\n\n\n\n<p>Il trattamento dei Suoi dati \u00e8 necessario per la conclusione o l&#8217;adempimento del contratto che ha stipulato con noi. Se tali dati non dovessero esserci forniti, in genere dovremmo rifiutarci di concludere il contratto o non saremo pi\u00f9 in grado di adempiere a un contratto esistente e dovremo quindi rescinderlo. Tuttavia, non vi \u00e8 alcun obbligo di prestare il consenso al trattamento dei dati che non siano rilevanti o legalmente necessari per l&#8217;adempimento del contratto.<\/p>\n<\/div><\/div>\n\n<\/div><\/div>\n\n\n<div style=\"height:5em\" aria-hidden=\"true\" class=\"wp-block-spacer space\"><\/div>\n","protected":false},"excerpt":{"rendered":"<p>Obbligo di informazione Obblighi di informazione ai sensi dell&#8217;art. 13 GDPRLa protezione dei vostri dati personali ci sta particolarmente a cuore. Per questo motivo trattiamo i vostri dati personali (&#8220;dati&#8221;) esclusivamente sulla base delle disposizioni di legge. Con la presente dichiarazione sulla protezione dei dati desideriamo informarvi in modo esauriente sul trattamento dei vostri dati&#8230;<\/p>\n","protected":false},"author":1,"featured_media":0,"parent":0,"menu_order":0,"comment_status":"closed","ping_status":"closed","template":"","meta":{"_kad_blocks_custom_css":"","_kad_blocks_head_custom_js":"","_kad_blocks_body_custom_js":"","_kad_blocks_footer_custom_js":"","_kad_post_transparent":"","_kad_post_title":"","_kad_post_layout":"","_kad_post_sidebar_id":"","_kad_post_content_style":"","_kad_post_vertical_padding":"","_kad_post_feature":"","_kad_post_feature_position":"","_kad_post_header":false,"_kad_post_footer":false,"footnotes":""},"class_list":["post-1502","page","type-page","status-publish","hentry"],"yoast_head":"<!-- This site is optimized with the Yoast SEO plugin v27.3 - https:\/\/yoast.com\/product\/yoast-seo-wordpress\/ -->\n<title>Obbligo di informazione | HUPE | GANTENBERG<\/title>\n<meta name=\"robots\" content=\"noindex, nofollow\" \/>\n<meta property=\"og:locale\" content=\"it_IT\" \/>\n<meta property=\"og:type\" content=\"article\" \/>\n<meta property=\"og:title\" content=\"Obbligo di informazione | HUPE | GANTENBERG\" \/>\n<meta property=\"og:description\" content=\"Obbligo di informazione Obblighi di informazione ai sensi dell&#8217;art. 13 GDPRLa protezione dei vostri dati personali ci sta particolarmente a cuore. Per questo motivo trattiamo i vostri dati personali (&#8220;dati&#8221;) esclusivamente sulla base delle disposizioni di legge. Con la presente dichiarazione sulla protezione dei dati desideriamo informarvi in modo esauriente sul trattamento dei vostri dati...\" \/>\n<meta property=\"og:url\" content=\"https:\/\/www.hgp-legal.de\/it\/informationspflichten\/\" \/>\n<meta property=\"og:site_name\" content=\"HUPE | GANTENBERG\" \/>\n<meta property=\"article:modified_time\" content=\"2024-06-04T20:05:37+00:00\" \/>\n<meta name=\"twitter:card\" content=\"summary_large_image\" \/>\n<meta name=\"twitter:label1\" content=\"Tempo di lettura stimato\" \/>\n\t<meta name=\"twitter:data1\" content=\"10 minuti\" \/>\n<script type=\"application\/ld+json\" class=\"yoast-schema-graph\">{\"@context\":\"https:\\\/\\\/schema.org\",\"@graph\":[{\"@type\":\"WebPage\",\"@id\":\"https:\\\/\\\/www.hgp-legal.de\\\/it\\\/informationspflichten\\\/\",\"url\":\"https:\\\/\\\/www.hgp-legal.de\\\/it\\\/informationspflichten\\\/\",\"name\":\"Obbligo di informazione | HUPE | GANTENBERG\",\"isPartOf\":{\"@id\":\"https:\\\/\\\/www.hgp-legal.de\\\/it\\\/#website\"},\"datePublished\":\"2024-05-10T11:04:17+00:00\",\"dateModified\":\"2024-06-04T20:05:37+00:00\",\"inLanguage\":\"it-IT\",\"potentialAction\":[{\"@type\":\"ReadAction\",\"target\":[\"https:\\\/\\\/www.hgp-legal.de\\\/it\\\/informationspflichten\\\/\"]}]},{\"@type\":\"WebSite\",\"@id\":\"https:\\\/\\\/www.hgp-legal.de\\\/it\\\/#website\",\"url\":\"https:\\\/\\\/www.hgp-legal.de\\\/it\\\/\",\"name\":\"HUPE | GANTENBERG\",\"description\":\"Studio Legale Boutique\",\"publisher\":{\"@id\":\"https:\\\/\\\/www.hgp-legal.de\\\/it\\\/#organization\"},\"potentialAction\":[{\"@type\":\"SearchAction\",\"target\":{\"@type\":\"EntryPoint\",\"urlTemplate\":\"https:\\\/\\\/www.hgp-legal.de\\\/it\\\/?s={search_term_string}\"},\"query-input\":{\"@type\":\"PropertyValueSpecification\",\"valueRequired\":true,\"valueName\":\"search_term_string\"}}],\"inLanguage\":\"it-IT\"},{\"@type\":\"Organization\",\"@id\":\"https:\\\/\\\/www.hgp-legal.de\\\/it\\\/#organization\",\"name\":\"HUPE | GANTENBERG\",\"url\":\"https:\\\/\\\/www.hgp-legal.de\\\/it\\\/\",\"logo\":{\"@type\":\"ImageObject\",\"inLanguage\":\"it-IT\",\"@id\":\"https:\\\/\\\/www.hgp-legal.de\\\/it\\\/#\\\/schema\\\/logo\\\/image\\\/\",\"url\":\"https:\\\/\\\/www.hgp-legal.de\\\/wp-content\\\/uploads\\\/2024\\\/05\\\/Hupe-Gantenberg-Rechtsanwaelte.png\",\"contentUrl\":\"https:\\\/\\\/www.hgp-legal.de\\\/wp-content\\\/uploads\\\/2024\\\/05\\\/Hupe-Gantenberg-Rechtsanwaelte.png\",\"width\":1182,\"height\":200,\"caption\":\"HUPE | GANTENBERG\"},\"image\":{\"@id\":\"https:\\\/\\\/www.hgp-legal.de\\\/it\\\/#\\\/schema\\\/logo\\\/image\\\/\"},\"sameAs\":[\"https:\\\/\\\/de.linkedin.com\\\/company\\\/hupe-gantenberg-rechtsanwlte\"]}]}<\/script>\n<!-- \/ Yoast SEO plugin. -->","yoast_head_json":{"title":"Obbligo di informazione | HUPE | GANTENBERG","robots":{"index":"noindex","follow":"nofollow"},"og_locale":"it_IT","og_type":"article","og_title":"Obbligo di informazione | HUPE | GANTENBERG","og_description":"Obbligo di informazione Obblighi di informazione ai sensi dell&#8217;art. 13 GDPRLa protezione dei vostri dati personali ci sta particolarmente a cuore. Per questo motivo trattiamo i vostri dati personali (&#8220;dati&#8221;) esclusivamente sulla base delle disposizioni di legge. Con la presente dichiarazione sulla protezione dei dati desideriamo informarvi in modo esauriente sul trattamento dei vostri dati...","og_url":"https:\/\/www.hgp-legal.de\/it\/informationspflichten\/","og_site_name":"HUPE | GANTENBERG","article_modified_time":"2024-06-04T20:05:37+00:00","twitter_card":"summary_large_image","twitter_misc":{"Tempo di lettura stimato":"10 minuti"},"schema":{"@context":"https:\/\/schema.org","@graph":[{"@type":"WebPage","@id":"https:\/\/www.hgp-legal.de\/it\/informationspflichten\/","url":"https:\/\/www.hgp-legal.de\/it\/informationspflichten\/","name":"Obbligo di informazione | HUPE | GANTENBERG","isPartOf":{"@id":"https:\/\/www.hgp-legal.de\/it\/#website"},"datePublished":"2024-05-10T11:04:17+00:00","dateModified":"2024-06-04T20:05:37+00:00","inLanguage":"it-IT","potentialAction":[{"@type":"ReadAction","target":["https:\/\/www.hgp-legal.de\/it\/informationspflichten\/"]}]},{"@type":"WebSite","@id":"https:\/\/www.hgp-legal.de\/it\/#website","url":"https:\/\/www.hgp-legal.de\/it\/","name":"HUPE | GANTENBERG","description":"Studio Legale Boutique","publisher":{"@id":"https:\/\/www.hgp-legal.de\/it\/#organization"},"potentialAction":[{"@type":"SearchAction","target":{"@type":"EntryPoint","urlTemplate":"https:\/\/www.hgp-legal.de\/it\/?s={search_term_string}"},"query-input":{"@type":"PropertyValueSpecification","valueRequired":true,"valueName":"search_term_string"}}],"inLanguage":"it-IT"},{"@type":"Organization","@id":"https:\/\/www.hgp-legal.de\/it\/#organization","name":"HUPE | GANTENBERG","url":"https:\/\/www.hgp-legal.de\/it\/","logo":{"@type":"ImageObject","inLanguage":"it-IT","@id":"https:\/\/www.hgp-legal.de\/it\/#\/schema\/logo\/image\/","url":"https:\/\/www.hgp-legal.de\/wp-content\/uploads\/2024\/05\/Hupe-Gantenberg-Rechtsanwaelte.png","contentUrl":"https:\/\/www.hgp-legal.de\/wp-content\/uploads\/2024\/05\/Hupe-Gantenberg-Rechtsanwaelte.png","width":1182,"height":200,"caption":"HUPE | GANTENBERG"},"image":{"@id":"https:\/\/www.hgp-legal.de\/it\/#\/schema\/logo\/image\/"},"sameAs":["https:\/\/de.linkedin.com\/company\/hupe-gantenberg-rechtsanwlte"]}]}},"taxonomy_info":[],"featured_image_src_large":false,"author_info":{"display_name":"admin","author_link":"https:\/\/www.hgp-legal.de\/it\/author\/lindamaerkl_tai7ect4\/"},"comment_info":0,"_links":{"self":[{"href":"https:\/\/www.hgp-legal.de\/it\/wp-json\/wp\/v2\/pages\/1502","targetHints":{"allow":["GET"]}}],"collection":[{"href":"https:\/\/www.hgp-legal.de\/it\/wp-json\/wp\/v2\/pages"}],"about":[{"href":"https:\/\/www.hgp-legal.de\/it\/wp-json\/wp\/v2\/types\/page"}],"author":[{"embeddable":true,"href":"https:\/\/www.hgp-legal.de\/it\/wp-json\/wp\/v2\/users\/1"}],"replies":[{"embeddable":true,"href":"https:\/\/www.hgp-legal.de\/it\/wp-json\/wp\/v2\/comments?post=1502"}],"version-history":[{"count":8,"href":"https:\/\/www.hgp-legal.de\/it\/wp-json\/wp\/v2\/pages\/1502\/revisions"}],"predecessor-version":[{"id":2063,"href":"https:\/\/www.hgp-legal.de\/it\/wp-json\/wp\/v2\/pages\/1502\/revisions\/2063"}],"wp:attachment":[{"href":"https:\/\/www.hgp-legal.de\/it\/wp-json\/wp\/v2\/media?parent=1502"}],"curies":[{"name":"wp","href":"https:\/\/api.w.org\/{rel}","templated":true}]}}