{"id":1508,"date":"2024-05-10T07:58:08","date_gmt":"2024-05-10T07:58:08","guid":{"rendered":"https:\/\/www.hgp-legal.de\/sebastian-benke-ll-m-rechtsanwalt-senior-associate\/"},"modified":"2024-05-25T10:19:26","modified_gmt":"2024-05-25T10:19:26","slug":"sebastian-benke-ll-m-avvocato-senior-associate","status":"publish","type":"page","link":"https:\/\/www.hgp-legal.de\/it\/sebastian-benke-ll-m-avvocato-senior-associate\/","title":{"rendered":"Sebastian Benke, LL.M. | Avvocato | Senior Associate"},"content":{"rendered":"<style>.kb-row-layout-id1508_a24828-49 > .kt-row-column-wrap{align-content:start;}:where(.kb-row-layout-id1508_a24828-49 > .kt-row-column-wrap) > .wp-block-kadence-column{justify-content:start;}.kb-row-layout-id1508_a24828-49 > .kt-row-column-wrap{column-gap:var(--global-kb-gap-md, 2rem);row-gap:var(--global-kb-gap-md, 2rem);padding-top:var(--global-kb-spacing-sm, 1.5rem);padding-bottom:var(--global-kb-spacing-sm, 1.5rem);grid-template-columns:minmax(0, 2fr) minmax(0, 1fr);}.kb-row-layout-id1508_a24828-49{background-image:url('https:\/\/www.hgp-legal.de\/wp-content\/uploads\/2024\/05\/Sebsatian-Benke-Rechtsanwalt-Litigation-Muenchen-big-1.jpg');background-size:contain;background-position:36% 11%;background-attachment:scroll;background-repeat:no-repeat;}.kb-row-layout-id1508_a24828-49 > .kt-row-layout-overlay{opacity:0.30;}@media all and (max-width: 1024px){.kb-row-layout-id1508_a24828-49 > .kt-row-column-wrap{grid-template-columns:minmax(0, 2fr) minmax(0, 1fr);}}@media all and (max-width: 767px){.kb-row-layout-id1508_a24828-49 > .kt-row-column-wrap{grid-template-columns:minmax(0, 1fr);}}<\/style><div class=\"kb-row-layout-wrap kb-row-layout-id1508_a24828-49 alignnone has-theme-palette2-background-color kt-row-has-bg einzelpro wp-block-kadence-rowlayout\"><div class=\"kt-row-column-wrap kt-has-2-columns kt-row-layout-left-golden kt-tab-layout-inherit kt-mobile-layout-row kt-row-valign-top\">\n<style>.kadence-column1508_3eb798-2d > .kt-inside-inner-col{display:flex;}.kadence-column1508_3eb798-2d > .kt-inside-inner-col,.kadence-column1508_3eb798-2d > .kt-inside-inner-col:before{border-top-left-radius:0px;border-top-right-radius:0px;border-bottom-right-radius:0px;border-bottom-left-radius:0px;}.kadence-column1508_3eb798-2d > .kt-inside-inner-col{column-gap:var(--global-kb-gap-sm, 1rem);}.kadence-column1508_3eb798-2d > .kt-inside-inner-col{flex-direction:column;align-items:flex-end;}.kadence-column1508_3eb798-2d > .kt-inside-inner-col > .kb-image-is-ratio-size{align-self:stretch;}.kadence-column1508_3eb798-2d > .kt-inside-inner-col > .wp-block-kadence-advancedgallery{align-self:stretch;}.kadence-column1508_3eb798-2d > .kt-inside-inner-col > .aligncenter{width:100%;}.kadence-column1508_3eb798-2d > .kt-inside-inner-col:before{opacity:0.3;}.kadence-column1508_3eb798-2d{position:relative;}@media all and (max-width: 1024px){.kadence-column1508_3eb798-2d > .kt-inside-inner-col{flex-direction:column;justify-content:center;align-items:flex-end;}}@media all and (max-width: 767px){.kadence-column1508_3eb798-2d > .kt-inside-inner-col{flex-direction:column;justify-content:center;align-items:flex-end;}}<\/style>\n<div class=\"wp-block-kadence-column kadence-column1508_3eb798-2d\"><div class=\"kt-inside-inner-col\">\n<h1 class=\"wp-block-heading inhalt headd\"><\/h1>\n<\/div><\/div>\n\n\n<style>.kadence-column1508_e9f4a1-ab > .kt-inside-inner-col,.kadence-column1508_e9f4a1-ab > .kt-inside-inner-col:before{border-top-left-radius:0px;border-top-right-radius:0px;border-bottom-right-radius:0px;border-bottom-left-radius:0px;}.kadence-column1508_e9f4a1-ab > .kt-inside-inner-col{column-gap:var(--global-kb-gap-sm, 1rem);}.kadence-column1508_e9f4a1-ab > .kt-inside-inner-col{flex-direction:column;}.kadence-column1508_e9f4a1-ab > .kt-inside-inner-col > .aligncenter{width:100%;}.kadence-column1508_e9f4a1-ab > .kt-inside-inner-col:before{opacity:0.3;}.kadence-column1508_e9f4a1-ab{position:relative;}@media all and (max-width: 1024px){.kadence-column1508_e9f4a1-ab > .kt-inside-inner-col{flex-direction:column;justify-content:center;}}@media all and (max-width: 767px){.kadence-column1508_e9f4a1-ab > .kt-inside-inner-col{flex-direction:column;justify-content:center;}}<\/style>\n<div class=\"wp-block-kadence-column kadence-column1508_e9f4a1-ab profilheader\"><div class=\"kt-inside-inner-col\">\n<h1 class=\"wp-block-heading name\">Sebastian Benke, LL.M. <\/h1>\n\n\n\n<h2 class=\"wp-block-heading tit\"><span style=\"white-space:pre-wrap;\">Avvocato  |  Senior Associate<\/span><\/h2>\n\n\n\n<p>+49 (0)89 890 555 6-0<br><a href=\"mailto:benke@hgp-legal.de\">benke@hgp-legal.de<\/a><\/p>\n<\/div><\/div>\n\n<\/div><\/div>\n\n<style>.kb-row-layout-id1508_96148a-2e > .kt-row-column-wrap{align-content:start;}:where(.kb-row-layout-id1508_96148a-2e > .kt-row-column-wrap) > .wp-block-kadence-column{justify-content:start;}.kb-row-layout-id1508_96148a-2e > .kt-row-column-wrap{column-gap:var(--global-kb-gap-md, 2rem);row-gap:var(--global-kb-gap-md, 2rem);padding-top:var(--global-kb-spacing-sm, 1.5rem);padding-bottom:var(--global-kb-spacing-sm, 1.5rem);grid-template-columns:minmax(0, 1fr);}.kb-row-layout-id1508_96148a-2e > .kt-row-layout-overlay{opacity:0.30;}@media all and (max-width: 1024px){.kb-row-layout-id1508_96148a-2e > .kt-row-column-wrap{grid-template-columns:minmax(0, 1fr);}}@media all and (max-width: 767px){.kb-row-layout-id1508_96148a-2e > .kt-row-column-wrap{grid-template-columns:minmax(0, 1fr);}}<\/style><div class=\"kb-row-layout-wrap kb-row-layout-id1508_96148a-2e alignnone schmal wp-block-kadence-rowlayout\"><div class=\"kt-row-column-wrap kt-has-1-columns kt-row-layout-equal kt-tab-layout-inherit kt-mobile-layout-row kt-row-valign-top\">\n<style>.kadence-column1508_75a9ee-8c > .kt-inside-inner-col,.kadence-column1508_75a9ee-8c > .kt-inside-inner-col:before{border-top-left-radius:0px;border-top-right-radius:0px;border-bottom-right-radius:0px;border-bottom-left-radius:0px;}.kadence-column1508_75a9ee-8c > .kt-inside-inner-col{column-gap:var(--global-kb-gap-sm, 1rem);}.kadence-column1508_75a9ee-8c > .kt-inside-inner-col{flex-direction:column;}.kadence-column1508_75a9ee-8c > .kt-inside-inner-col > .aligncenter{width:100%;}.kadence-column1508_75a9ee-8c > .kt-inside-inner-col:before{opacity:0.3;}.kadence-column1508_75a9ee-8c{position:relative;}@media all and (max-width: 1024px){.kadence-column1508_75a9ee-8c > .kt-inside-inner-col{flex-direction:column;justify-content:center;}}@media all and (max-width: 767px){.kadence-column1508_75a9ee-8c > .kt-inside-inner-col{flex-direction:column;justify-content:center;}}<\/style>\n<div class=\"wp-block-kadence-column kadence-column1508_75a9ee-8c\"><div class=\"kt-inside-inner-col\">\n<h3 class=\"wp-block-heading dick\">Principali aree di competenza<\/h3>\n\n\n\n<ul class=\"listdick wp-block-list\">\n<li>Risoluzione dei conflitti<\/li>\n\n\n\n<li>Contenzioso<\/li>\n\n\n\n<li>Diritto commerciale<\/li>\n\n\n\n<li>Responsabilit\u00e0 per danno da prodotti difettosi<\/li>\n<\/ul>\n\n\n\n<p>Sebastian Benke \u00e8 Senior Associate presso lo studio HUPE | GANTENBERG Rechtsanw\u00e4lte Partnerschaft mbB ed \u00e8 specializzato in risoluzione dei conflitti e contenzioso.<\/p>\n\n\n\n<p>Assiste e rappresenta societ\u00e0 nazionali e internazionali in controversie commerciali sia in sede giudiziale che extragiudiziale. Il suo lavoro si concentra su controversie giudiziarie complesse, in particolare in materia di diritto commerciale e contrattuale, nonch\u00e9 su controversie legate al settore tecnologico. Un altro punto focale della sua \u00e8 la difesa di richieste di risarcimento per responsabilit\u00e0 civile, comprese le cosiddette procedure di massa.<\/p>\n\n\n\n<p>Sebastian Benke fornisce inoltre consulenza a societ\u00e0 industriali e tecnologiche internazionali in materia di responsabilit\u00e0 per danno da prodotti difettosi e di supply chain, in particolare nei settori automobilistico, aeronautico e dei beni di consumo.<\/p>\n\n\n\n<p>Precedentemente alla sua collaborazione con lo studio HUPE | GANTENBERG, Sebastian Benke ha lavorato per diversi anni presso un rinomato studio legale internazionale nel campo della risoluzione delle controversie e del contenzioso.<\/p>\n\n\n\n<h3 class=\"wp-block-heading\">Mandati selezionati<\/h3>\n\n\n\n<ul class=\"wp-block-list\">\n<li>Consulenza continuativa in materia di responsabilit\u00e0 per danno da prodotti difettosi per uno sviluppatore e produttore di rimorchiatori per aerei<\/li>\n\n\n\n<li>Consulenza e rappresentanza legale continuativa di un produttore leader mondiale di pannelli solari in controversie contrattuali<\/li>\n\n\n\n<li>Consulenza continuativa in materia di responsabilit\u00e0 per danno da prodotti difettosi e di diritto commerciale per un produttore leader a livello mondiale di componenti in vetro per l&#8217;industria automobilistica*<\/li>\n\n\n\n<li>Consulenza e rappresentanza della controllata tedesca di un gruppo internazionale di telefonia mobile in una controversia contrattuale con un fornitore tedesco di telecomunicazioni in merito a servizi all&#8217;ingrosso di telefonia mobile*<\/li>\n<\/ul>\n\n\n\n<p>*precedentemente alla collaborazione con HUPE | GANTENBERG<\/p>\n\n\n\n<h3 class=\"wp-block-heading\">Percorso di studi<\/h3>\n\n\n\n<figure class=\"wp-block-table\"><table><tbody><tr><td>2009 \u2013 2014:<\/td><td>Studi di diritto presso l&#8217;Universit\u00e0 Europea Viadrina<\/td><\/tr><tr><td>2014 \u2013 2015:<\/td><td>Master of Laws in diritto commerciale europeo presso l&#8217;Universit\u00e0 Europea Viadrina<\/td><\/tr><tr><td>2016 \u2013 2018:<\/td><td>Tirocinio presso il distretto dell&#8217;Alta Corte Regionale del Brandeburgo con stage presso studi legali commerciali internazionali nel campo del contenzioso e del diritto penale commerciale<\/td><\/tr><\/tbody><\/table><\/figure>\n\n\n\n<h3 class=\"wp-block-heading\">Esperienza professionale<\/h3>\n\n\n\n<figure class=\"wp-block-table\"><table><tbody><tr><td>2015 \u2013 2017:<\/td><td>Assistente accademico presso la cattedra di Diritto civile, commerciale e d&#8217;impresa dell&#8217;Universit\u00e0 Europea Viadrina<\/td><\/tr><tr><td>2018 \u2013 2024:<\/td><td>Associate presso Pinsent Masons Germany LLP<\/td><\/tr><tr><td>Dal 2024:<\/td><td>Senior Associate presso HUPE | GANTENBERG Rechtsanw\u00e4lte Partnerschaft mbB<\/td><\/tr><\/tbody><\/table><\/figure>\n\n\n\n<h3 class=\"wp-block-heading\">Lingue<\/h3>\n\n\n\n<p>Tedesco, Inglese<\/p>\n\n\n\n<div style=\"height:5em\" aria-hidden=\"true\" class=\"wp-block-spacer space\"><\/div>\n<\/div><\/div>\n\n<\/div><\/div>","protected":false},"excerpt":{"rendered":"<p>Sebastian Benke, LL.M. Avvocato | Senior Associate +49 (0)89 890 555 6-0benke@hgp-legal.de Principali aree di competenza Sebastian Benke \u00e8 Senior Associate presso lo studio HUPE | GANTENBERG Rechtsanw\u00e4lte Partnerschaft mbB ed \u00e8 specializzato in risoluzione dei conflitti e contenzioso. Assiste e rappresenta societ\u00e0 nazionali e internazionali in controversie commerciali sia in sede giudiziale che extragiudiziale&#8230;.<\/p>\n","protected":false},"author":1,"featured_media":0,"parent":0,"menu_order":0,"comment_status":"closed","ping_status":"closed","template":"","meta":{"_kad_blocks_custom_css":"","_kad_blocks_head_custom_js":"","_kad_blocks_body_custom_js":"","_kad_blocks_footer_custom_js":"","_kad_post_transparent":"","_kad_post_title":"","_kad_post_layout":"","_kad_post_sidebar_id":"","_kad_post_content_style":"","_kad_post_vertical_padding":"","_kad_post_feature":"","_kad_post_feature_position":"","_kad_post_header":false,"_kad_post_footer":false,"footnotes":""},"class_list":["post-1508","page","type-page","status-publish","hentry"],"yoast_head":"<!-- This site is optimized with the Yoast SEO plugin v27.3 - https:\/\/yoast.com\/product\/yoast-seo-wordpress\/ -->\n<title>Sebastian Benke, LL.M. | Avvocato | Senior Associate HUPE | GANTENBERG<\/title>\n<meta name=\"description\" content=\"Sebastian Benke, LL.M. | Avvocato, Senior Associate. Risoluzione dei conflitti Contenzioso, Diritto commerciale, Responsabilit\u00e0 per danno da prodotti difettosi.\" \/>\n<meta name=\"robots\" content=\"index, follow, max-snippet:-1, max-image-preview:large, max-video-preview:-1\" \/>\n<link rel=\"canonical\" href=\"https:\/\/www.hgp-legal.de\/it\/sebastian-benke-ll-m-avvocato-senior-associate\/\" \/>\n<meta property=\"og:locale\" content=\"it_IT\" \/>\n<meta property=\"og:type\" content=\"article\" \/>\n<meta property=\"og:title\" content=\"Sebastian Benke, LL.M. | Avvocato | Senior Associate HUPE | GANTENBERG\" \/>\n<meta property=\"og:description\" content=\"Sebastian Benke, LL.M. | Avvocato, Senior Associate. Risoluzione dei conflitti Contenzioso, Diritto commerciale, Responsabilit\u00e0 per danno da prodotti difettosi.\" \/>\n<meta property=\"og:url\" content=\"https:\/\/www.hgp-legal.de\/it\/sebastian-benke-ll-m-avvocato-senior-associate\/\" \/>\n<meta property=\"og:site_name\" content=\"HUPE | GANTENBERG\" \/>\n<meta property=\"article:modified_time\" content=\"2024-05-25T10:19:26+00:00\" \/>\n<meta name=\"twitter:card\" content=\"summary_large_image\" \/>\n<meta name=\"twitter:label1\" content=\"Tempo di lettura stimato\" \/>\n\t<meta name=\"twitter:data1\" content=\"3 minuti\" \/>\n<script type=\"application\/ld+json\" class=\"yoast-schema-graph\">{\"@context\":\"https:\\\/\\\/schema.org\",\"@graph\":[{\"@type\":\"WebPage\",\"@id\":\"https:\\\/\\\/www.hgp-legal.de\\\/it\\\/sebastian-benke-ll-m-avvocato-senior-associate\\\/\",\"url\":\"https:\\\/\\\/www.hgp-legal.de\\\/it\\\/sebastian-benke-ll-m-avvocato-senior-associate\\\/\",\"name\":\"Sebastian Benke, LL.M. | Avvocato | Senior Associate HUPE | GANTENBERG\",\"isPartOf\":{\"@id\":\"https:\\\/\\\/www.hgp-legal.de\\\/it\\\/#website\"},\"datePublished\":\"2024-05-10T07:58:08+00:00\",\"dateModified\":\"2024-05-25T10:19:26+00:00\",\"description\":\"Sebastian Benke, LL.M. | Avvocato, Senior Associate. Risoluzione dei conflitti Contenzioso, Diritto commerciale, Responsabilit\u00e0 per danno da prodotti difettosi.\",\"inLanguage\":\"it-IT\",\"potentialAction\":[{\"@type\":\"ReadAction\",\"target\":[\"https:\\\/\\\/www.hgp-legal.de\\\/it\\\/sebastian-benke-ll-m-avvocato-senior-associate\\\/\"]}]},{\"@type\":\"WebSite\",\"@id\":\"https:\\\/\\\/www.hgp-legal.de\\\/it\\\/#website\",\"url\":\"https:\\\/\\\/www.hgp-legal.de\\\/it\\\/\",\"name\":\"HUPE | GANTENBERG\",\"description\":\"Studio Legale Boutique\",\"publisher\":{\"@id\":\"https:\\\/\\\/www.hgp-legal.de\\\/it\\\/#organization\"},\"potentialAction\":[{\"@type\":\"SearchAction\",\"target\":{\"@type\":\"EntryPoint\",\"urlTemplate\":\"https:\\\/\\\/www.hgp-legal.de\\\/it\\\/?s={search_term_string}\"},\"query-input\":{\"@type\":\"PropertyValueSpecification\",\"valueRequired\":true,\"valueName\":\"search_term_string\"}}],\"inLanguage\":\"it-IT\"},{\"@type\":\"Organization\",\"@id\":\"https:\\\/\\\/www.hgp-legal.de\\\/it\\\/#organization\",\"name\":\"HUPE | GANTENBERG\",\"url\":\"https:\\\/\\\/www.hgp-legal.de\\\/it\\\/\",\"logo\":{\"@type\":\"ImageObject\",\"inLanguage\":\"it-IT\",\"@id\":\"https:\\\/\\\/www.hgp-legal.de\\\/it\\\/#\\\/schema\\\/logo\\\/image\\\/\",\"url\":\"https:\\\/\\\/www.hgp-legal.de\\\/wp-content\\\/uploads\\\/2024\\\/05\\\/Hupe-Gantenberg-Rechtsanwaelte.png\",\"contentUrl\":\"https:\\\/\\\/www.hgp-legal.de\\\/wp-content\\\/uploads\\\/2024\\\/05\\\/Hupe-Gantenberg-Rechtsanwaelte.png\",\"width\":1182,\"height\":200,\"caption\":\"HUPE | GANTENBERG\"},\"image\":{\"@id\":\"https:\\\/\\\/www.hgp-legal.de\\\/it\\\/#\\\/schema\\\/logo\\\/image\\\/\"},\"sameAs\":[\"https:\\\/\\\/de.linkedin.com\\\/company\\\/hupe-gantenberg-rechtsanwlte\"]}]}<\/script>\n<!-- \/ Yoast SEO plugin. -->","yoast_head_json":{"title":"Sebastian Benke, LL.M. | Avvocato | Senior Associate HUPE | GANTENBERG","description":"Sebastian Benke, LL.M. | Avvocato, Senior Associate. Risoluzione dei conflitti Contenzioso, Diritto commerciale, Responsabilit\u00e0 per danno da prodotti difettosi.","robots":{"index":"index","follow":"follow","max-snippet":"max-snippet:-1","max-image-preview":"max-image-preview:large","max-video-preview":"max-video-preview:-1"},"canonical":"https:\/\/www.hgp-legal.de\/it\/sebastian-benke-ll-m-avvocato-senior-associate\/","og_locale":"it_IT","og_type":"article","og_title":"Sebastian Benke, LL.M. | Avvocato | Senior Associate HUPE | GANTENBERG","og_description":"Sebastian Benke, LL.M. | Avvocato, Senior Associate. Risoluzione dei conflitti Contenzioso, Diritto commerciale, Responsabilit\u00e0 per danno da prodotti difettosi.","og_url":"https:\/\/www.hgp-legal.de\/it\/sebastian-benke-ll-m-avvocato-senior-associate\/","og_site_name":"HUPE | GANTENBERG","article_modified_time":"2024-05-25T10:19:26+00:00","twitter_card":"summary_large_image","twitter_misc":{"Tempo di lettura stimato":"3 minuti"},"schema":{"@context":"https:\/\/schema.org","@graph":[{"@type":"WebPage","@id":"https:\/\/www.hgp-legal.de\/it\/sebastian-benke-ll-m-avvocato-senior-associate\/","url":"https:\/\/www.hgp-legal.de\/it\/sebastian-benke-ll-m-avvocato-senior-associate\/","name":"Sebastian Benke, LL.M. | Avvocato | Senior Associate HUPE | GANTENBERG","isPartOf":{"@id":"https:\/\/www.hgp-legal.de\/it\/#website"},"datePublished":"2024-05-10T07:58:08+00:00","dateModified":"2024-05-25T10:19:26+00:00","description":"Sebastian Benke, LL.M. | Avvocato, Senior Associate. Risoluzione dei conflitti Contenzioso, Diritto commerciale, Responsabilit\u00e0 per danno da prodotti difettosi.","inLanguage":"it-IT","potentialAction":[{"@type":"ReadAction","target":["https:\/\/www.hgp-legal.de\/it\/sebastian-benke-ll-m-avvocato-senior-associate\/"]}]},{"@type":"WebSite","@id":"https:\/\/www.hgp-legal.de\/it\/#website","url":"https:\/\/www.hgp-legal.de\/it\/","name":"HUPE | GANTENBERG","description":"Studio Legale Boutique","publisher":{"@id":"https:\/\/www.hgp-legal.de\/it\/#organization"},"potentialAction":[{"@type":"SearchAction","target":{"@type":"EntryPoint","urlTemplate":"https:\/\/www.hgp-legal.de\/it\/?s={search_term_string}"},"query-input":{"@type":"PropertyValueSpecification","valueRequired":true,"valueName":"search_term_string"}}],"inLanguage":"it-IT"},{"@type":"Organization","@id":"https:\/\/www.hgp-legal.de\/it\/#organization","name":"HUPE | GANTENBERG","url":"https:\/\/www.hgp-legal.de\/it\/","logo":{"@type":"ImageObject","inLanguage":"it-IT","@id":"https:\/\/www.hgp-legal.de\/it\/#\/schema\/logo\/image\/","url":"https:\/\/www.hgp-legal.de\/wp-content\/uploads\/2024\/05\/Hupe-Gantenberg-Rechtsanwaelte.png","contentUrl":"https:\/\/www.hgp-legal.de\/wp-content\/uploads\/2024\/05\/Hupe-Gantenberg-Rechtsanwaelte.png","width":1182,"height":200,"caption":"HUPE | GANTENBERG"},"image":{"@id":"https:\/\/www.hgp-legal.de\/it\/#\/schema\/logo\/image\/"},"sameAs":["https:\/\/de.linkedin.com\/company\/hupe-gantenberg-rechtsanwlte"]}]}},"taxonomy_info":[],"featured_image_src_large":false,"author_info":{"display_name":"admin","author_link":"https:\/\/www.hgp-legal.de\/it\/author\/lindamaerkl_tai7ect4\/"},"comment_info":0,"_links":{"self":[{"href":"https:\/\/www.hgp-legal.de\/it\/wp-json\/wp\/v2\/pages\/1508","targetHints":{"allow":["GET"]}}],"collection":[{"href":"https:\/\/www.hgp-legal.de\/it\/wp-json\/wp\/v2\/pages"}],"about":[{"href":"https:\/\/www.hgp-legal.de\/it\/wp-json\/wp\/v2\/types\/page"}],"author":[{"embeddable":true,"href":"https:\/\/www.hgp-legal.de\/it\/wp-json\/wp\/v2\/users\/1"}],"replies":[{"embeddable":true,"href":"https:\/\/www.hgp-legal.de\/it\/wp-json\/wp\/v2\/comments?post=1508"}],"version-history":[{"count":6,"href":"https:\/\/www.hgp-legal.de\/it\/wp-json\/wp\/v2\/pages\/1508\/revisions"}],"predecessor-version":[{"id":1964,"href":"https:\/\/www.hgp-legal.de\/it\/wp-json\/wp\/v2\/pages\/1508\/revisions\/1964"}],"wp:attachment":[{"href":"https:\/\/www.hgp-legal.de\/it\/wp-json\/wp\/v2\/media?parent=1508"}],"curies":[{"name":"wp","href":"https:\/\/api.w.org\/{rel}","templated":true}]}}