{"id":1510,"date":"2024-05-09T21:11:03","date_gmt":"2024-05-09T21:11:03","guid":{"rendered":"https:\/\/www.hgp-legal.de\/florian-schwepcke-rechtsanwalt-associate\/"},"modified":"2026-02-13T16:03:42","modified_gmt":"2026-02-13T16:03:42","slug":"florian-schwepcke-avvocato-associate","status":"publish","type":"page","link":"https:\/\/www.hgp-legal.de\/it\/florian-schwepcke-avvocato-associate\/","title":{"rendered":"Dr. Florian Schwepcke | Avvocato | Associate"},"content":{"rendered":"<style>.kb-row-layout-id1510_bb387f-06 > .kt-row-column-wrap{align-content:start;}:where(.kb-row-layout-id1510_bb387f-06 > .kt-row-column-wrap) > .wp-block-kadence-column{justify-content:start;}.kb-row-layout-id1510_bb387f-06 > .kt-row-column-wrap{column-gap:var(--global-kb-gap-md, 2rem);row-gap:var(--global-kb-gap-md, 2rem);padding-top:var(--global-kb-spacing-sm, 1.5rem);padding-bottom:var(--global-kb-spacing-sm, 1.5rem);grid-template-columns:minmax(0, 2fr) minmax(0, 1fr);}.kb-row-layout-id1510_bb387f-06{background-image:url('https:\/\/www.hgp-legal.de\/wp-content\/uploads\/2024\/05\/Florian-Schwepcke-Rechtsanwalt-Gesellschaftsrecht-Muenchen-big-2.jpg');background-size:contain;background-position:36% 11%;background-attachment:scroll;background-repeat:no-repeat;}.kb-row-layout-id1510_bb387f-06 > .kt-row-layout-overlay{opacity:0.30;}@media all and (max-width: 1024px){.kb-row-layout-id1510_bb387f-06 > .kt-row-column-wrap{grid-template-columns:minmax(0, 2fr) minmax(0, 1fr);}}@media all and (max-width: 767px){.kb-row-layout-id1510_bb387f-06 > .kt-row-column-wrap{grid-template-columns:minmax(0, 1fr);}}<\/style><div class=\"kb-row-layout-wrap kb-row-layout-id1510_bb387f-06 alignnone has-theme-palette2-background-color kt-row-has-bg einzelpro wp-block-kadence-rowlayout\"><div class=\"kt-row-column-wrap kt-has-2-columns kt-row-layout-left-golden kt-tab-layout-inherit kt-mobile-layout-row kt-row-valign-top\">\n<style>.kadence-column1510_582ffe-50 > .kt-inside-inner-col{display:flex;}.kadence-column1510_582ffe-50 > .kt-inside-inner-col,.kadence-column1510_582ffe-50 > .kt-inside-inner-col:before{border-top-left-radius:0px;border-top-right-radius:0px;border-bottom-right-radius:0px;border-bottom-left-radius:0px;}.kadence-column1510_582ffe-50 > .kt-inside-inner-col{column-gap:var(--global-kb-gap-sm, 1rem);}.kadence-column1510_582ffe-50 > .kt-inside-inner-col{flex-direction:column;align-items:flex-end;}.kadence-column1510_582ffe-50 > .kt-inside-inner-col > .kb-image-is-ratio-size{align-self:stretch;}.kadence-column1510_582ffe-50 > .kt-inside-inner-col > .wp-block-kadence-advancedgallery{align-self:stretch;}.kadence-column1510_582ffe-50 > .kt-inside-inner-col > .aligncenter{width:100%;}.kadence-column1510_582ffe-50 > .kt-inside-inner-col:before{opacity:0.3;}.kadence-column1510_582ffe-50{position:relative;}@media all and (max-width: 1024px){.kadence-column1510_582ffe-50 > .kt-inside-inner-col{flex-direction:column;justify-content:center;align-items:flex-end;}}@media all and (max-width: 767px){.kadence-column1510_582ffe-50 > .kt-inside-inner-col{flex-direction:column;justify-content:center;align-items:flex-end;}}<\/style>\n<div class=\"wp-block-kadence-column kadence-column1510_582ffe-50\"><div class=\"kt-inside-inner-col\">\n<h1 class=\"wp-block-heading inhalt headd\"><\/h1>\n<\/div><\/div>\n\n\n<style>.kadence-column1510_6ec656-53 > .kt-inside-inner-col,.kadence-column1510_6ec656-53 > .kt-inside-inner-col:before{border-top-left-radius:0px;border-top-right-radius:0px;border-bottom-right-radius:0px;border-bottom-left-radius:0px;}.kadence-column1510_6ec656-53 > .kt-inside-inner-col{column-gap:var(--global-kb-gap-sm, 1rem);}.kadence-column1510_6ec656-53 > .kt-inside-inner-col{flex-direction:column;}.kadence-column1510_6ec656-53 > .kt-inside-inner-col > .aligncenter{width:100%;}.kadence-column1510_6ec656-53 > .kt-inside-inner-col:before{opacity:0.3;}.kadence-column1510_6ec656-53{position:relative;}@media all and (max-width: 1024px){.kadence-column1510_6ec656-53 > .kt-inside-inner-col{flex-direction:column;justify-content:center;}}@media all and (max-width: 767px){.kadence-column1510_6ec656-53 > .kt-inside-inner-col{flex-direction:column;justify-content:center;}}<\/style>\n<div class=\"wp-block-kadence-column kadence-column1510_6ec656-53 profilheader\"><div class=\"kt-inside-inner-col\">\n<h1 class=\"wp-block-heading name\">Dr. Florian Schwepcke<\/h1>\n\n\n\n<h2 class=\"wp-block-heading tit\"><span style=\"white-space:pre-wrap;\">Avvocato, Associate<\/span><\/h2>\n\n\n\n<p>+49 (0)89 890 555 6-0<br><a href=\"mailto:schwepcke@hgp-legal.de\">schwepcke@hgp-legal.de<\/a><\/p>\n<\/div><\/div>\n\n<\/div><\/div>\n\n<style>.kb-row-layout-id1510_896953-f4 > .kt-row-column-wrap{align-content:start;}:where(.kb-row-layout-id1510_896953-f4 > .kt-row-column-wrap) > .wp-block-kadence-column{justify-content:start;}.kb-row-layout-id1510_896953-f4 > .kt-row-column-wrap{column-gap:var(--global-kb-gap-md, 2rem);row-gap:var(--global-kb-gap-md, 2rem);padding-top:var(--global-kb-spacing-sm, 1.5rem);padding-bottom:var(--global-kb-spacing-sm, 1.5rem);grid-template-columns:minmax(0, 1fr);}.kb-row-layout-id1510_896953-f4 > .kt-row-layout-overlay{opacity:0.30;}@media all and (max-width: 1024px){.kb-row-layout-id1510_896953-f4 > .kt-row-column-wrap{grid-template-columns:minmax(0, 1fr);}}@media all and (max-width: 767px){.kb-row-layout-id1510_896953-f4 > .kt-row-column-wrap{grid-template-columns:minmax(0, 1fr);}}<\/style><div class=\"kb-row-layout-wrap kb-row-layout-id1510_896953-f4 alignnone schmal wp-block-kadence-rowlayout\"><div class=\"kt-row-column-wrap kt-has-1-columns kt-row-layout-equal kt-tab-layout-inherit kt-mobile-layout-row kt-row-valign-top\">\n<style>.kadence-column1510_5b3b9a-a7 > .kt-inside-inner-col,.kadence-column1510_5b3b9a-a7 > .kt-inside-inner-col:before{border-top-left-radius:0px;border-top-right-radius:0px;border-bottom-right-radius:0px;border-bottom-left-radius:0px;}.kadence-column1510_5b3b9a-a7 > .kt-inside-inner-col{column-gap:var(--global-kb-gap-sm, 1rem);}.kadence-column1510_5b3b9a-a7 > .kt-inside-inner-col{flex-direction:column;}.kadence-column1510_5b3b9a-a7 > .kt-inside-inner-col > .aligncenter{width:100%;}.kadence-column1510_5b3b9a-a7 > .kt-inside-inner-col:before{opacity:0.3;}.kadence-column1510_5b3b9a-a7{position:relative;}@media all and (max-width: 1024px){.kadence-column1510_5b3b9a-a7 > .kt-inside-inner-col{flex-direction:column;justify-content:center;}}@media all and (max-width: 767px){.kadence-column1510_5b3b9a-a7 > .kt-inside-inner-col{flex-direction:column;justify-content:center;}}<\/style>\n<div class=\"wp-block-kadence-column kadence-column1510_5b3b9a-a7\"><div class=\"kt-inside-inner-col\">\n<h3 class=\"wp-block-heading dick\"><strong>Principali aree di competenza<\/strong><\/h3>\n\n\n\n<ul class=\"wp-block-list listdick\">\n<li>Risoluzione delle controversie e contenzioso<\/li>\n\n\n\n<li>Diritto commerciale e societario<\/li>\n\n\n\n<li>Fusioni e acquisizioni<\/li>\n<\/ul>\n\n\n\n<p>Dr. Florian Schwepcke \u00e8 Associate nei settori del diritto societario e della risoluzione delle controversie\/contenzioso.<\/p>\n\n\n\n<p>Fornisce consulenza e rappresenta societ\u00e0 nazionali e internazionali in tutte le aree del diritto commerciale e societario tedesco e internazionale, nonch\u00e9 del diritto successorio, sia in sede giudiziale che extragiudiziale.<\/p>\n\n\n\n<p>Uno dei punti principali della sua attivit\u00e0 \u00e8 la consulenza per la creazione di strutture societarie e contrattuali di un&#8217;azienda, in particolare nel contesto di start-up, ristrutturazioni o accordi di finanziamento, nonch\u00e9 la consulenza continua in materia di diritto societario e successorio, compresa la redazione e la modifica di contratti, in particolare di contratti di servizio per amministratori delegati. Un altro punto focale della sua attivit\u00e0 \u00e8 la gestione di complesse controversie giudiziarie ed extragiudiziarie delle societ\u00e0 da lui assistite in materia di diritto commerciale e societario, diritto fallimentare e controversie tra azionisti. \u00c8 specializzato in relazioni giuridiche italo-tedesche, in particolare nell&#8217;ambito delle catene di fornitura e assiste societ\u00e0 italiane, in particolare nel loro ruolo di azionisti di filiali tedesche, nonch\u00e9 in materia di diritto commerciale e societario transfrontaliero. Assiste e consiglia anche in operazioni societarie e due diligence complesse.<\/p>\n\n\n\n<p>Oltre all&#8217;attivit\u00e0 di avvocato, Dr. Florian Schwepcke si occupava di ricerca giuridica, in particolare per il Centro di ricerca sul diritto italiano della Ludwig-Maximilians-Universit\u00e4t di Monaco di Baviera, dove ha lavorato come assistente di ricerca fino al 2024. Inoltre, ha ottenuto il dottorato in investimenti di capitale privi di voto nel diritto comparato italo-tedesco presso la Ludwig-Maximilians-Universit\u00e4t di Monaco di Baviera. Possiede gi\u00e0 una notevole conoscenza dei processi di fusione e acquisizione sovranazionali grazie alla sua attivit\u00e0 presso un importante studio legale commerciale internazionale.<\/p>\n\n\n\n<h3 class=\"wp-block-heading\"><strong>Mandati selezionati<\/strong><\/h3>\n\n\n\n<ul class=\"wp-block-list\">\n<li>Consulenza agli acquirenti in varie acquisizioni societarie<\/li>\n\n\n\n<li>Rappresentanza legale di un produttore italiano nel settore dell&#8217;abbigliamento<\/li>\n\n\n\n<li>Consulenza continuativa in materia di diritto societario per una societ\u00e0 di spedizioni tedesca attiva a livello internazionale<\/li>\n\n\n\n<li>Consulenza continuativa in materia di diritto contrattuale e di due diligence della catena di fornitura per un produttore italiano di elettrodomestici da cucina del segmento premium<\/li>\n\n\n\n<li>Consulenza continuativa in materia di agenzia commerciale per un produttore italiano di prodotti cosmetici e per un importante produttore francese di prodotti di lusso<\/li>\n\n\n\n<li>Rappresentanza stragiudiziale di un produttore italiano leader di macchinari per la produzione nel settore dei trasporti<\/li>\n\n\n\n<li>Rappresentanza in giudizio di un produttore tedesco di prodotti cosmetici<\/li>\n<\/ul>\n\n\n\n<h3 class=\"wp-block-heading\"><strong>Percorso di studi<\/strong><\/h3>\n\n\n\n<figure class=\"wp-block-table\"><table><tbody><tr><td>2015 \u2013 2021:<\/td><td>Studi di giurisprudenza presso la Ludwig-Maximilians-Universit\u00e4t di Monaco di Baviera e l&#8217;Universit\u00e0 degli Studi di Perugia (Italia)<\/td><\/tr><tr><td>2021 \u2013 2023:<\/td><td>Praticantato presso il Tribunale regionale di Monaco di Baviera<\/td><\/tr><tr><td>2023 &#8211; 2025:<\/td><td>Dottorato presso l&#8217;Universit\u00e0 Ludwig Maximilian di Monaco di Baviera<\/td><\/tr><\/tbody><\/table><\/figure>\n\n\n\n<h3 class=\"wp-block-heading\"><strong>Esperienza professionale<\/strong><\/h3>\n\n\n\n<figure class=\"wp-block-table\"><table><tbody><tr><td>2019 \u2013 2024:<\/td><td>Assistente di ricerca presso la cattedra di Diritto civile, Diritto commerciale e societario, Diritto internazionale privato e Diritto comparato del Prof. Dr. Dr. h.c. Peter Kindler<\/td><\/tr><tr><td>Dal 2023:<\/td><td>Associate at HUPE | GANTENBERG Rechtsanw\u00e4lte Partnerschaft mbB<\/td><\/tr><\/tbody><\/table><\/figure>\n\n\n\n<h3 class=\"wp-block-heading\"><strong>Pubblicazioni<\/strong><\/h3>\n\n\n\n<ul class=\"wp-block-list\">\n<li><strong>Danno e Responsabilit\u00e0 2\/24<\/strong> &#8220;Il danno da incapacit\u00e0 lavorativa generica qualificata nell&#8217;ambito della personalizzazione del danno non patrimoniale&#8221;<\/li>\n\n\n\n<li><strong>GmbHR 18\/23<\/strong> &#8220;Gli eredi silenziosi come strumento di pianificazione della successione di una GmbH&#8221;.<\/li>\n\n\n\n<li><strong>NJW 28\/23 <\/strong>&#8220;Efficacia della fissazione di un termine per l&#8217;adempimento successivo all&#8217;accettazione&#8221;.<\/li>\n\n\n\n<li><strong>NJW 19\/23<\/strong> &#8220;Il possesso e la tutela del possesso nella giurisprudenza&#8221;.<\/li>\n\n\n\n<li><strong>VersR 5\/23<\/strong> &#8220;Il &#8216;calcolo del giorno esatto&#8217; del risarcimento per traumi personali &#8211; un errore?&#8221;<\/li>\n\n\n\n<li><strong>RiW 7\/22<\/strong> &#8220;Le forme di danno nel diritto italiano del danno alla persona&#8221;.<\/li>\n\n\n\n<li><strong>ZVertriebsR 5\/25<\/strong>&nbsp;\u201cIl \u201dprivilegio dei gruppi\u201d nell\u2019ambito dell\u2019indennizzo degli agenti commerciali\u201d, coautore<\/li>\n<\/ul>\n\n\n\n<h3 class=\"wp-block-heading\">Lingue<\/h3>\n\n\n\n<p>Tedesco, Inglese, Italiano, Francese, Spagnolo<\/p>\n\n\n\n<div style=\"height:5em\" aria-hidden=\"true\" class=\"wp-block-spacer space\"><\/div>\n<\/div><\/div>\n\n<\/div><\/div>","protected":false},"excerpt":{"rendered":"<p>Dr. Florian Schwepcke Avvocato, Associate +49 (0)89 890 555 6-0schwepcke@hgp-legal.de Principali aree di competenza Dr. Florian Schwepcke \u00e8 Associate nei settori del diritto societario e della risoluzione delle controversie\/contenzioso. Fornisce consulenza e rappresenta societ\u00e0 nazionali e internazionali in tutte le aree del diritto commerciale e societario tedesco e internazionale, nonch\u00e9 del diritto successorio, sia in&#8230;<\/p>\n","protected":false},"author":1,"featured_media":0,"parent":0,"menu_order":0,"comment_status":"closed","ping_status":"closed","template":"","meta":{"_kad_blocks_custom_css":"","_kad_blocks_head_custom_js":"","_kad_blocks_body_custom_js":"","_kad_blocks_footer_custom_js":"","_kad_post_transparent":"","_kad_post_title":"","_kad_post_layout":"","_kad_post_sidebar_id":"","_kad_post_content_style":"","_kad_post_vertical_padding":"","_kad_post_feature":"","_kad_post_feature_position":"","_kad_post_header":false,"_kad_post_footer":false,"footnotes":""},"class_list":["post-1510","page","type-page","status-publish","hentry"],"yoast_head":"<!-- This site is optimized with the Yoast SEO plugin v27.3 - https:\/\/yoast.com\/product\/yoast-seo-wordpress\/ -->\n<title>Dr. Florian Schwepcke | Avvocato | Associate HUPE | GANTENBERG<\/title>\n<meta name=\"description\" content=\"Florian Schwepcke | Avvocato | Associate. Risoluzione delle controversie e contenzioso, Diritto commerciale e societario, Fusioni e acquisizioni\" \/>\n<meta name=\"robots\" content=\"index, follow, max-snippet:-1, max-image-preview:large, max-video-preview:-1\" \/>\n<link rel=\"canonical\" href=\"https:\/\/www.hgp-legal.de\/it\/florian-schwepcke-avvocato-associate\/\" \/>\n<meta property=\"og:locale\" content=\"it_IT\" \/>\n<meta property=\"og:type\" content=\"article\" \/>\n<meta property=\"og:title\" content=\"Dr. Florian Schwepcke | Avvocato | Associate HUPE | GANTENBERG\" \/>\n<meta property=\"og:description\" content=\"Florian Schwepcke | Avvocato | Associate. Risoluzione delle controversie e contenzioso, Diritto commerciale e societario, Fusioni e acquisizioni\" \/>\n<meta property=\"og:url\" content=\"https:\/\/www.hgp-legal.de\/it\/florian-schwepcke-avvocato-associate\/\" \/>\n<meta property=\"og:site_name\" content=\"HUPE | GANTENBERG\" \/>\n<meta property=\"article:modified_time\" content=\"2026-02-13T16:03:42+00:00\" \/>\n<meta name=\"twitter:card\" content=\"summary_large_image\" \/>\n<meta name=\"twitter:label1\" content=\"Tempo di lettura stimato\" \/>\n\t<meta name=\"twitter:data1\" content=\"4 minuti\" \/>\n<script type=\"application\/ld+json\" class=\"yoast-schema-graph\">{\"@context\":\"https:\\\/\\\/schema.org\",\"@graph\":[{\"@type\":\"WebPage\",\"@id\":\"https:\\\/\\\/www.hgp-legal.de\\\/it\\\/florian-schwepcke-avvocato-associate\\\/\",\"url\":\"https:\\\/\\\/www.hgp-legal.de\\\/it\\\/florian-schwepcke-avvocato-associate\\\/\",\"name\":\"Dr. Florian Schwepcke | Avvocato | Associate HUPE | GANTENBERG\",\"isPartOf\":{\"@id\":\"https:\\\/\\\/www.hgp-legal.de\\\/it\\\/#website\"},\"datePublished\":\"2024-05-09T21:11:03+00:00\",\"dateModified\":\"2026-02-13T16:03:42+00:00\",\"description\":\"Florian Schwepcke | Avvocato | Associate. Risoluzione delle controversie e contenzioso, Diritto commerciale e societario, Fusioni e acquisizioni\",\"inLanguage\":\"it-IT\",\"potentialAction\":[{\"@type\":\"ReadAction\",\"target\":[\"https:\\\/\\\/www.hgp-legal.de\\\/it\\\/florian-schwepcke-avvocato-associate\\\/\"]}]},{\"@type\":\"WebSite\",\"@id\":\"https:\\\/\\\/www.hgp-legal.de\\\/it\\\/#website\",\"url\":\"https:\\\/\\\/www.hgp-legal.de\\\/it\\\/\",\"name\":\"HUPE | GANTENBERG\",\"description\":\"Studio Legale Boutique\",\"publisher\":{\"@id\":\"https:\\\/\\\/www.hgp-legal.de\\\/it\\\/#organization\"},\"potentialAction\":[{\"@type\":\"SearchAction\",\"target\":{\"@type\":\"EntryPoint\",\"urlTemplate\":\"https:\\\/\\\/www.hgp-legal.de\\\/it\\\/?s={search_term_string}\"},\"query-input\":{\"@type\":\"PropertyValueSpecification\",\"valueRequired\":true,\"valueName\":\"search_term_string\"}}],\"inLanguage\":\"it-IT\"},{\"@type\":\"Organization\",\"@id\":\"https:\\\/\\\/www.hgp-legal.de\\\/it\\\/#organization\",\"name\":\"HUPE | GANTENBERG\",\"url\":\"https:\\\/\\\/www.hgp-legal.de\\\/it\\\/\",\"logo\":{\"@type\":\"ImageObject\",\"inLanguage\":\"it-IT\",\"@id\":\"https:\\\/\\\/www.hgp-legal.de\\\/it\\\/#\\\/schema\\\/logo\\\/image\\\/\",\"url\":\"https:\\\/\\\/www.hgp-legal.de\\\/wp-content\\\/uploads\\\/2024\\\/05\\\/Hupe-Gantenberg-Rechtsanwaelte.png\",\"contentUrl\":\"https:\\\/\\\/www.hgp-legal.de\\\/wp-content\\\/uploads\\\/2024\\\/05\\\/Hupe-Gantenberg-Rechtsanwaelte.png\",\"width\":1182,\"height\":200,\"caption\":\"HUPE | GANTENBERG\"},\"image\":{\"@id\":\"https:\\\/\\\/www.hgp-legal.de\\\/it\\\/#\\\/schema\\\/logo\\\/image\\\/\"},\"sameAs\":[\"https:\\\/\\\/de.linkedin.com\\\/company\\\/hupe-gantenberg-rechtsanwlte\"]}]}<\/script>\n<!-- \/ Yoast SEO plugin. -->","yoast_head_json":{"title":"Dr. Florian Schwepcke | Avvocato | Associate HUPE | GANTENBERG","description":"Florian Schwepcke | Avvocato | Associate. Risoluzione delle controversie e contenzioso, Diritto commerciale e societario, Fusioni e acquisizioni","robots":{"index":"index","follow":"follow","max-snippet":"max-snippet:-1","max-image-preview":"max-image-preview:large","max-video-preview":"max-video-preview:-1"},"canonical":"https:\/\/www.hgp-legal.de\/it\/florian-schwepcke-avvocato-associate\/","og_locale":"it_IT","og_type":"article","og_title":"Dr. Florian Schwepcke | Avvocato | Associate HUPE | GANTENBERG","og_description":"Florian Schwepcke | Avvocato | Associate. Risoluzione delle controversie e contenzioso, Diritto commerciale e societario, Fusioni e acquisizioni","og_url":"https:\/\/www.hgp-legal.de\/it\/florian-schwepcke-avvocato-associate\/","og_site_name":"HUPE | GANTENBERG","article_modified_time":"2026-02-13T16:03:42+00:00","twitter_card":"summary_large_image","twitter_misc":{"Tempo di lettura stimato":"4 minuti"},"schema":{"@context":"https:\/\/schema.org","@graph":[{"@type":"WebPage","@id":"https:\/\/www.hgp-legal.de\/it\/florian-schwepcke-avvocato-associate\/","url":"https:\/\/www.hgp-legal.de\/it\/florian-schwepcke-avvocato-associate\/","name":"Dr. Florian Schwepcke | Avvocato | Associate HUPE | GANTENBERG","isPartOf":{"@id":"https:\/\/www.hgp-legal.de\/it\/#website"},"datePublished":"2024-05-09T21:11:03+00:00","dateModified":"2026-02-13T16:03:42+00:00","description":"Florian Schwepcke | Avvocato | Associate. Risoluzione delle controversie e contenzioso, Diritto commerciale e societario, Fusioni e acquisizioni","inLanguage":"it-IT","potentialAction":[{"@type":"ReadAction","target":["https:\/\/www.hgp-legal.de\/it\/florian-schwepcke-avvocato-associate\/"]}]},{"@type":"WebSite","@id":"https:\/\/www.hgp-legal.de\/it\/#website","url":"https:\/\/www.hgp-legal.de\/it\/","name":"HUPE | GANTENBERG","description":"Studio Legale Boutique","publisher":{"@id":"https:\/\/www.hgp-legal.de\/it\/#organization"},"potentialAction":[{"@type":"SearchAction","target":{"@type":"EntryPoint","urlTemplate":"https:\/\/www.hgp-legal.de\/it\/?s={search_term_string}"},"query-input":{"@type":"PropertyValueSpecification","valueRequired":true,"valueName":"search_term_string"}}],"inLanguage":"it-IT"},{"@type":"Organization","@id":"https:\/\/www.hgp-legal.de\/it\/#organization","name":"HUPE | GANTENBERG","url":"https:\/\/www.hgp-legal.de\/it\/","logo":{"@type":"ImageObject","inLanguage":"it-IT","@id":"https:\/\/www.hgp-legal.de\/it\/#\/schema\/logo\/image\/","url":"https:\/\/www.hgp-legal.de\/wp-content\/uploads\/2024\/05\/Hupe-Gantenberg-Rechtsanwaelte.png","contentUrl":"https:\/\/www.hgp-legal.de\/wp-content\/uploads\/2024\/05\/Hupe-Gantenberg-Rechtsanwaelte.png","width":1182,"height":200,"caption":"HUPE | GANTENBERG"},"image":{"@id":"https:\/\/www.hgp-legal.de\/it\/#\/schema\/logo\/image\/"},"sameAs":["https:\/\/de.linkedin.com\/company\/hupe-gantenberg-rechtsanwlte"]}]}},"taxonomy_info":[],"featured_image_src_large":false,"author_info":{"display_name":"admin","author_link":"https:\/\/www.hgp-legal.de\/it\/author\/lindamaerkl_tai7ect4\/"},"comment_info":0,"_links":{"self":[{"href":"https:\/\/www.hgp-legal.de\/it\/wp-json\/wp\/v2\/pages\/1510","targetHints":{"allow":["GET"]}}],"collection":[{"href":"https:\/\/www.hgp-legal.de\/it\/wp-json\/wp\/v2\/pages"}],"about":[{"href":"https:\/\/www.hgp-legal.de\/it\/wp-json\/wp\/v2\/types\/page"}],"author":[{"embeddable":true,"href":"https:\/\/www.hgp-legal.de\/it\/wp-json\/wp\/v2\/users\/1"}],"replies":[{"embeddable":true,"href":"https:\/\/www.hgp-legal.de\/it\/wp-json\/wp\/v2\/comments?post=1510"}],"version-history":[{"count":5,"href":"https:\/\/www.hgp-legal.de\/it\/wp-json\/wp\/v2\/pages\/1510\/revisions"}],"predecessor-version":[{"id":2514,"href":"https:\/\/www.hgp-legal.de\/it\/wp-json\/wp\/v2\/pages\/1510\/revisions\/2514"}],"wp:attachment":[{"href":"https:\/\/www.hgp-legal.de\/it\/wp-json\/wp\/v2\/media?parent=1510"}],"curies":[{"name":"wp","href":"https:\/\/api.w.org\/{rel}","templated":true}]}}