{"id":1518,"date":"2024-05-09T20:47:58","date_gmt":"2024-05-09T20:47:58","guid":{"rendered":"https:\/\/www.hgp-legal.de\/laura-regelsberger-rechtsanwaltin-senior-associate\/"},"modified":"2024-11-13T10:56:34","modified_gmt":"2024-11-13T10:56:34","slug":"laura-regelsberger-avvocato-senior-associate","status":"publish","type":"page","link":"https:\/\/www.hgp-legal.de\/it\/laura-regelsberger-avvocato-senior-associate\/","title":{"rendered":"Laura Regelsberger, LL.M. | Avvocato | Senior Associate"},"content":{"rendered":"<style>.kb-row-layout-id1518_e10a8c-ca > .kt-row-column-wrap{align-content:start;}:where(.kb-row-layout-id1518_e10a8c-ca > .kt-row-column-wrap) > .wp-block-kadence-column{justify-content:start;}.kb-row-layout-id1518_e10a8c-ca > .kt-row-column-wrap{column-gap:var(--global-kb-gap-md, 2rem);row-gap:var(--global-kb-gap-md, 2rem);padding-top:var(--global-kb-spacing-sm, 1.5rem);padding-bottom:var(--global-kb-spacing-sm, 1.5rem);grid-template-columns:minmax(0, 2fr) minmax(0, 1fr);}.kb-row-layout-id1518_e10a8c-ca{background-image:url('https:\/\/www.hgp-legal.de\/wp-content\/uploads\/2024\/05\/Laura-Regelsberger-Rechtsanwaeltin-Gewerblicher-Rechtsschutz-big-1.jpg');background-size:contain;background-position:36% 11%;background-attachment:scroll;background-repeat:no-repeat;}.kb-row-layout-id1518_e10a8c-ca > .kt-row-layout-overlay{opacity:0.30;}@media all and (max-width: 1024px){.kb-row-layout-id1518_e10a8c-ca > .kt-row-column-wrap{grid-template-columns:minmax(0, 2fr) minmax(0, 1fr);}}@media all and (max-width: 767px){.kb-row-layout-id1518_e10a8c-ca > .kt-row-column-wrap{grid-template-columns:minmax(0, 1fr);}}<\/style><div class=\"kb-row-layout-wrap kb-row-layout-id1518_e10a8c-ca alignnone has-theme-palette2-background-color kt-row-has-bg einzelpro wp-block-kadence-rowlayout\"><div class=\"kt-row-column-wrap kt-has-2-columns kt-row-layout-left-golden kt-tab-layout-inherit kt-mobile-layout-row kt-row-valign-top\">\n<style>.kadence-column1518_788c8d-7d > .kt-inside-inner-col{display:flex;}.kadence-column1518_788c8d-7d > .kt-inside-inner-col,.kadence-column1518_788c8d-7d > .kt-inside-inner-col:before{border-top-left-radius:0px;border-top-right-radius:0px;border-bottom-right-radius:0px;border-bottom-left-radius:0px;}.kadence-column1518_788c8d-7d > .kt-inside-inner-col{column-gap:var(--global-kb-gap-sm, 1rem);}.kadence-column1518_788c8d-7d > .kt-inside-inner-col{flex-direction:column;align-items:flex-end;}.kadence-column1518_788c8d-7d > .kt-inside-inner-col > .kb-image-is-ratio-size{align-self:stretch;}.kadence-column1518_788c8d-7d > .kt-inside-inner-col > .wp-block-kadence-advancedgallery{align-self:stretch;}.kadence-column1518_788c8d-7d > .kt-inside-inner-col > .aligncenter{width:100%;}.kadence-column1518_788c8d-7d > .kt-inside-inner-col:before{opacity:0.3;}.kadence-column1518_788c8d-7d{position:relative;}@media all and (max-width: 1024px){.kadence-column1518_788c8d-7d > .kt-inside-inner-col{flex-direction:column;justify-content:center;align-items:flex-end;}}@media all and (max-width: 767px){.kadence-column1518_788c8d-7d > .kt-inside-inner-col{flex-direction:column;justify-content:center;align-items:flex-end;}}<\/style>\n<div class=\"wp-block-kadence-column kadence-column1518_788c8d-7d\"><div class=\"kt-inside-inner-col\">\n<h1 class=\"wp-block-heading inhalt headd\"><\/h1>\n<\/div><\/div>\n\n\n<style>.kadence-column1518_747561-6c > .kt-inside-inner-col,.kadence-column1518_747561-6c > .kt-inside-inner-col:before{border-top-left-radius:0px;border-top-right-radius:0px;border-bottom-right-radius:0px;border-bottom-left-radius:0px;}.kadence-column1518_747561-6c > .kt-inside-inner-col{column-gap:var(--global-kb-gap-sm, 1rem);}.kadence-column1518_747561-6c > .kt-inside-inner-col{flex-direction:column;}.kadence-column1518_747561-6c > .kt-inside-inner-col > .aligncenter{width:100%;}.kadence-column1518_747561-6c > .kt-inside-inner-col:before{opacity:0.3;}.kadence-column1518_747561-6c{position:relative;}@media all and (max-width: 1024px){.kadence-column1518_747561-6c > .kt-inside-inner-col{flex-direction:column;justify-content:center;}}@media all and (max-width: 767px){.kadence-column1518_747561-6c > .kt-inside-inner-col{flex-direction:column;justify-content:center;}}<\/style>\n<div class=\"wp-block-kadence-column kadence-column1518_747561-6c profilheader\"><div class=\"kt-inside-inner-col\">\n<h1 class=\"wp-block-heading name\">Laura Regelsberger, LL.M.<\/h1>\n\n\n\n<h2 class=\"wp-block-heading tit\"><span style=\"white-space:pre-wrap;\">Avvocato  |  Senior Associate<\/span><\/h2>\n\n\n\n<p>+49 (0)89 890 555 6-0<br><a href=\"mailto:regelsberger@hgp-legal.de\">regelsberger@hgp-legal.de<\/a><\/p>\n<\/div><\/div>\n\n<\/div><\/div>\n\n<style>.kb-row-layout-id1518_9f2dde-c9 > .kt-row-column-wrap{align-content:start;}:where(.kb-row-layout-id1518_9f2dde-c9 > .kt-row-column-wrap) > .wp-block-kadence-column{justify-content:start;}.kb-row-layout-id1518_9f2dde-c9 > .kt-row-column-wrap{column-gap:var(--global-kb-gap-md, 2rem);row-gap:var(--global-kb-gap-md, 2rem);padding-top:var(--global-kb-spacing-sm, 1.5rem);padding-bottom:var(--global-kb-spacing-sm, 1.5rem);grid-template-columns:minmax(0, 1fr);}.kb-row-layout-id1518_9f2dde-c9 > .kt-row-layout-overlay{opacity:0.30;}@media all and (max-width: 1024px){.kb-row-layout-id1518_9f2dde-c9 > .kt-row-column-wrap{grid-template-columns:minmax(0, 1fr);}}@media all and (max-width: 767px){.kb-row-layout-id1518_9f2dde-c9 > .kt-row-column-wrap{grid-template-columns:minmax(0, 1fr);}}<\/style><div class=\"kb-row-layout-wrap kb-row-layout-id1518_9f2dde-c9 alignnone schmal wp-block-kadence-rowlayout\"><div class=\"kt-row-column-wrap kt-has-1-columns kt-row-layout-equal kt-tab-layout-inherit kt-mobile-layout-row kt-row-valign-top\">\n<style>.kadence-column1518_488837-55 > .kt-inside-inner-col,.kadence-column1518_488837-55 > .kt-inside-inner-col:before{border-top-left-radius:0px;border-top-right-radius:0px;border-bottom-right-radius:0px;border-bottom-left-radius:0px;}.kadence-column1518_488837-55 > .kt-inside-inner-col{column-gap:var(--global-kb-gap-sm, 1rem);}.kadence-column1518_488837-55 > .kt-inside-inner-col{flex-direction:column;}.kadence-column1518_488837-55 > .kt-inside-inner-col > .aligncenter{width:100%;}.kadence-column1518_488837-55 > .kt-inside-inner-col:before{opacity:0.3;}.kadence-column1518_488837-55{position:relative;}@media all and (max-width: 1024px){.kadence-column1518_488837-55 > .kt-inside-inner-col{flex-direction:column;justify-content:center;}}@media all and (max-width: 767px){.kadence-column1518_488837-55 > .kt-inside-inner-col{flex-direction:column;justify-content:center;}}<\/style>\n<div class=\"wp-block-kadence-column kadence-column1518_488837-55\"><div class=\"kt-inside-inner-col\">\n<h3 class=\"wp-block-heading dick\"><strong>Principali aree di competenza<\/strong><\/h3>\n\n\n\n<ul class=\"wp-block-list listdick\">\n<li>Diritto dei marchi, del copyright e del design<\/li>\n\n\n\n<li>Diritto della concorrenza<\/li>\n\n\n\n<li>Diritto contrattuale e contenzioso<\/li>\n<\/ul>\n\n\n\n<p>Laura Regelsberger \u00e8 Senior Associate, ed \u00e8 specializzata in diritto della propriet\u00e0 intellettuale, diritto della concorrenza e offre consulenza nell\u2019ambito della pubblica comunicazione dal punto di vista legale.<\/p>\n\n\n\n<p>Rappresenta e assiste societ\u00e0 nazionali e internazionali in tutte le materie del diritto dei marchi, del diritto d&#8217;autore, del design, della concorrenza e dei diritti connessi, sia in sede contenziosa che non. <\/p>\n\n\n\n<p>Il suo lavoro spazia dalla consulenza strategica in materia di diritto dei marchi e la gestione di un portafoglio di marchi alla conduzione di procedimenti di violazione, opposizione e annullamento in relazione a marchi tedeschi, europei e internazionali, nomi di societ\u00e0 e domini. \u00c8 inoltre specializzata in contenziosi in materia di propriet\u00e0 intellettuale. In aggiunta, fornisce consulenza anche nei settori correlati al diritto di espressione e al diritto di stampa. Ha una vasta esperienza in controversie di diritto civile, nonch\u00e9 nella redazione di contratti.<\/p>\n\n\n\n<h3 class=\"wp-block-heading\"><strong>Incarichi recenti<\/strong><\/h3>\n\n\n\n<ul class=\"wp-block-list\">\n<li>Consulenza continuativa sui diritti di propriet\u00e0 intellettuale per la filiale tedesca di un gruppo internazionale nel settore delle attrezzature sportive<\/li>\n\n\n\n<li>Consulenza continuativa in materia di diritti di propriet\u00e0 intellettuale per un produttore a contratto di Cosmetici<\/li>\n\n\n\n<li>Consulenza continuativa in materia di diritti di propriet\u00e0 intellettuale per la filiale tedesca di un produttore italiano di elettrodomestici nel settore premium<\/li>\n\n\n\n<li>Consulenza continuativa in materia di pubblicazione di dichiarazioni dal punto di vista legale per una casa editrice<\/li>\n\n\n\n<li>Rappresentanza in sede giudiziale e stragiudiziale della controllata tedesca di un produttore cinese di moduli fotovoltaici<\/li>\n<\/ul>\n\n\n\n<h3 class=\"wp-block-heading\"><strong>Percorso di studi<\/strong><\/h3>\n\n\n\n<figure class=\"wp-block-table\"><table><tbody><tr><td>2010 \u2013 2017:<\/td><td>Studi di giurisprudenza presso la Ludwig-Maximilian-Universit\u00e4t di Monaco di Baviera e l&#8217;Universit\u00e0 degli Studi di Verona<\/td><\/tr><tr><td>2017 \u2013 2019:<\/td><td>Praticantato presso il distretto del Tribunale regionale superiore di Monaco di Baviera con un praticantato all&#8217;estero a Citt\u00e0 del Capo, in Sudafrica<\/td><\/tr><tr><td>2022 \u2013 2024:<\/td><td>Master of Laws nel campo del diritto della propriet\u00e0 intellettuale presso l&#8217;Universit\u00e0 Heinrich Heine di D\u00fcsseldorf<\/td><\/tr><\/tbody><\/table><\/figure>\n\n\n\n<h3 class=\"wp-block-heading\"><strong>Esperienza professionale<\/strong><\/h3>\n\n\n\n<figure class=\"wp-block-table\"><table><tbody><tr><td>2013 \u2013 2018:<\/td><td>Assistente accademico presso la cattedra di diritto civile, diritto commerciale e societario, diritto internazionale privato e diritto comparato con il Prof. Dr. Dr. h.c. Peter Kindler<\/td><\/tr><tr><td>2019 \u2013 2024:<\/td><td>Associate presso HUPE | GANTENBERG Rechtsanw\u00e4lte Partnerschaft mbB<\/td><\/tr><tr><td>Dal 2024:<\/td><td>Senior Associate presso HUPE | GANTENBERG Rechtsanw\u00e4lte Partnerschaft mbB<\/td><\/tr><\/tbody><\/table><\/figure>\n\n\n\n<h3 class=\"wp-block-heading\">Lingue<\/h3>\n\n\n\n<p>Tedesco, Italiano, Inglese<\/p>\n\n\n\n<div style=\"height:5em\" aria-hidden=\"true\" class=\"wp-block-spacer space\"><\/div>\n<\/div><\/div>\n\n<\/div><\/div>","protected":false},"excerpt":{"rendered":"<p>Laura Regelsberger, LL.M. Avvocato | Senior Associate +49 (0)89 890 555 6-0regelsberger@hgp-legal.de Principali aree di competenza Laura Regelsberger \u00e8 Senior Associate, ed \u00e8 specializzata in diritto della propriet\u00e0 intellettuale, diritto della concorrenza e offre consulenza nell\u2019ambito della pubblica comunicazione dal punto di vista legale. Rappresenta e assiste societ\u00e0 nazionali e internazionali in tutte le materie&#8230;<\/p>\n","protected":false},"author":1,"featured_media":0,"parent":0,"menu_order":0,"comment_status":"closed","ping_status":"closed","template":"","meta":{"_kad_blocks_custom_css":"","_kad_blocks_head_custom_js":"","_kad_blocks_body_custom_js":"","_kad_blocks_footer_custom_js":"","_kad_post_transparent":"","_kad_post_title":"","_kad_post_layout":"","_kad_post_sidebar_id":"","_kad_post_content_style":"","_kad_post_vertical_padding":"","_kad_post_feature":"","_kad_post_feature_position":"","_kad_post_header":false,"_kad_post_footer":false,"footnotes":""},"class_list":["post-1518","page","type-page","status-publish","hentry"],"yoast_head":"<!-- This site is optimized with the Yoast SEO plugin v27.3 - https:\/\/yoast.com\/product\/yoast-seo-wordpress\/ -->\n<title>Laura Regelsberger, LL.M. | Avvocato | Senior Associate HUPE | GANTENBERG<\/title>\n<meta name=\"description\" content=\"Laura Regelsberger | Avvocato | Senior Associate. Diritto dei marchi, del copyright e del design, Diritto della concorrenza, Diritto contrattuale e contenzioso\" \/>\n<meta name=\"robots\" content=\"index, follow, max-snippet:-1, max-image-preview:large, max-video-preview:-1\" \/>\n<link rel=\"canonical\" href=\"https:\/\/www.hgp-legal.de\/it\/laura-regelsberger-avvocato-senior-associate\/\" \/>\n<meta property=\"og:locale\" content=\"it_IT\" \/>\n<meta property=\"og:type\" content=\"article\" \/>\n<meta property=\"og:title\" content=\"Laura Regelsberger, LL.M. | Avvocato | Senior Associate HUPE | GANTENBERG\" \/>\n<meta property=\"og:description\" content=\"Laura Regelsberger | Avvocato | Senior Associate. Diritto dei marchi, del copyright e del design, Diritto della concorrenza, Diritto contrattuale e contenzioso\" \/>\n<meta property=\"og:url\" content=\"https:\/\/www.hgp-legal.de\/it\/laura-regelsberger-avvocato-senior-associate\/\" \/>\n<meta property=\"og:site_name\" content=\"HUPE | GANTENBERG\" \/>\n<meta property=\"article:modified_time\" content=\"2024-11-13T10:56:34+00:00\" \/>\n<meta name=\"twitter:card\" content=\"summary_large_image\" \/>\n<meta name=\"twitter:label1\" content=\"Tempo di lettura stimato\" \/>\n\t<meta name=\"twitter:data1\" content=\"3 minuti\" \/>\n<script type=\"application\/ld+json\" class=\"yoast-schema-graph\">{\"@context\":\"https:\\\/\\\/schema.org\",\"@graph\":[{\"@type\":\"WebPage\",\"@id\":\"https:\\\/\\\/www.hgp-legal.de\\\/it\\\/laura-regelsberger-avvocato-senior-associate\\\/\",\"url\":\"https:\\\/\\\/www.hgp-legal.de\\\/it\\\/laura-regelsberger-avvocato-senior-associate\\\/\",\"name\":\"Laura Regelsberger, LL.M. | Avvocato | Senior Associate HUPE | GANTENBERG\",\"isPartOf\":{\"@id\":\"https:\\\/\\\/www.hgp-legal.de\\\/it\\\/#website\"},\"datePublished\":\"2024-05-09T20:47:58+00:00\",\"dateModified\":\"2024-11-13T10:56:34+00:00\",\"description\":\"Laura Regelsberger | Avvocato | Senior Associate. Diritto dei marchi, del copyright e del design, Diritto della concorrenza, Diritto contrattuale e contenzioso\",\"inLanguage\":\"it-IT\",\"potentialAction\":[{\"@type\":\"ReadAction\",\"target\":[\"https:\\\/\\\/www.hgp-legal.de\\\/it\\\/laura-regelsberger-avvocato-senior-associate\\\/\"]}]},{\"@type\":\"WebSite\",\"@id\":\"https:\\\/\\\/www.hgp-legal.de\\\/it\\\/#website\",\"url\":\"https:\\\/\\\/www.hgp-legal.de\\\/it\\\/\",\"name\":\"HUPE | GANTENBERG\",\"description\":\"Studio Legale Boutique\",\"publisher\":{\"@id\":\"https:\\\/\\\/www.hgp-legal.de\\\/it\\\/#organization\"},\"potentialAction\":[{\"@type\":\"SearchAction\",\"target\":{\"@type\":\"EntryPoint\",\"urlTemplate\":\"https:\\\/\\\/www.hgp-legal.de\\\/it\\\/?s={search_term_string}\"},\"query-input\":{\"@type\":\"PropertyValueSpecification\",\"valueRequired\":true,\"valueName\":\"search_term_string\"}}],\"inLanguage\":\"it-IT\"},{\"@type\":\"Organization\",\"@id\":\"https:\\\/\\\/www.hgp-legal.de\\\/it\\\/#organization\",\"name\":\"HUPE | GANTENBERG\",\"url\":\"https:\\\/\\\/www.hgp-legal.de\\\/it\\\/\",\"logo\":{\"@type\":\"ImageObject\",\"inLanguage\":\"it-IT\",\"@id\":\"https:\\\/\\\/www.hgp-legal.de\\\/it\\\/#\\\/schema\\\/logo\\\/image\\\/\",\"url\":\"https:\\\/\\\/www.hgp-legal.de\\\/wp-content\\\/uploads\\\/2024\\\/05\\\/Hupe-Gantenberg-Rechtsanwaelte.png\",\"contentUrl\":\"https:\\\/\\\/www.hgp-legal.de\\\/wp-content\\\/uploads\\\/2024\\\/05\\\/Hupe-Gantenberg-Rechtsanwaelte.png\",\"width\":1182,\"height\":200,\"caption\":\"HUPE | GANTENBERG\"},\"image\":{\"@id\":\"https:\\\/\\\/www.hgp-legal.de\\\/it\\\/#\\\/schema\\\/logo\\\/image\\\/\"},\"sameAs\":[\"https:\\\/\\\/de.linkedin.com\\\/company\\\/hupe-gantenberg-rechtsanwlte\"]}]}<\/script>\n<!-- \/ Yoast SEO plugin. -->","yoast_head_json":{"title":"Laura Regelsberger, LL.M. | Avvocato | Senior Associate HUPE | GANTENBERG","description":"Laura Regelsberger | Avvocato | Senior Associate. Diritto dei marchi, del copyright e del design, Diritto della concorrenza, Diritto contrattuale e contenzioso","robots":{"index":"index","follow":"follow","max-snippet":"max-snippet:-1","max-image-preview":"max-image-preview:large","max-video-preview":"max-video-preview:-1"},"canonical":"https:\/\/www.hgp-legal.de\/it\/laura-regelsberger-avvocato-senior-associate\/","og_locale":"it_IT","og_type":"article","og_title":"Laura Regelsberger, LL.M. | Avvocato | Senior Associate HUPE | GANTENBERG","og_description":"Laura Regelsberger | Avvocato | Senior Associate. Diritto dei marchi, del copyright e del design, Diritto della concorrenza, Diritto contrattuale e contenzioso","og_url":"https:\/\/www.hgp-legal.de\/it\/laura-regelsberger-avvocato-senior-associate\/","og_site_name":"HUPE | GANTENBERG","article_modified_time":"2024-11-13T10:56:34+00:00","twitter_card":"summary_large_image","twitter_misc":{"Tempo di lettura stimato":"3 minuti"},"schema":{"@context":"https:\/\/schema.org","@graph":[{"@type":"WebPage","@id":"https:\/\/www.hgp-legal.de\/it\/laura-regelsberger-avvocato-senior-associate\/","url":"https:\/\/www.hgp-legal.de\/it\/laura-regelsberger-avvocato-senior-associate\/","name":"Laura Regelsberger, LL.M. | Avvocato | Senior Associate HUPE | GANTENBERG","isPartOf":{"@id":"https:\/\/www.hgp-legal.de\/it\/#website"},"datePublished":"2024-05-09T20:47:58+00:00","dateModified":"2024-11-13T10:56:34+00:00","description":"Laura Regelsberger | Avvocato | Senior Associate. Diritto dei marchi, del copyright e del design, Diritto della concorrenza, Diritto contrattuale e contenzioso","inLanguage":"it-IT","potentialAction":[{"@type":"ReadAction","target":["https:\/\/www.hgp-legal.de\/it\/laura-regelsberger-avvocato-senior-associate\/"]}]},{"@type":"WebSite","@id":"https:\/\/www.hgp-legal.de\/it\/#website","url":"https:\/\/www.hgp-legal.de\/it\/","name":"HUPE | GANTENBERG","description":"Studio Legale Boutique","publisher":{"@id":"https:\/\/www.hgp-legal.de\/it\/#organization"},"potentialAction":[{"@type":"SearchAction","target":{"@type":"EntryPoint","urlTemplate":"https:\/\/www.hgp-legal.de\/it\/?s={search_term_string}"},"query-input":{"@type":"PropertyValueSpecification","valueRequired":true,"valueName":"search_term_string"}}],"inLanguage":"it-IT"},{"@type":"Organization","@id":"https:\/\/www.hgp-legal.de\/it\/#organization","name":"HUPE | GANTENBERG","url":"https:\/\/www.hgp-legal.de\/it\/","logo":{"@type":"ImageObject","inLanguage":"it-IT","@id":"https:\/\/www.hgp-legal.de\/it\/#\/schema\/logo\/image\/","url":"https:\/\/www.hgp-legal.de\/wp-content\/uploads\/2024\/05\/Hupe-Gantenberg-Rechtsanwaelte.png","contentUrl":"https:\/\/www.hgp-legal.de\/wp-content\/uploads\/2024\/05\/Hupe-Gantenberg-Rechtsanwaelte.png","width":1182,"height":200,"caption":"HUPE | GANTENBERG"},"image":{"@id":"https:\/\/www.hgp-legal.de\/it\/#\/schema\/logo\/image\/"},"sameAs":["https:\/\/de.linkedin.com\/company\/hupe-gantenberg-rechtsanwlte"]}]}},"taxonomy_info":[],"featured_image_src_large":false,"author_info":{"display_name":"admin","author_link":"https:\/\/www.hgp-legal.de\/it\/author\/lindamaerkl_tai7ect4\/"},"comment_info":0,"_links":{"self":[{"href":"https:\/\/www.hgp-legal.de\/it\/wp-json\/wp\/v2\/pages\/1518","targetHints":{"allow":["GET"]}}],"collection":[{"href":"https:\/\/www.hgp-legal.de\/it\/wp-json\/wp\/v2\/pages"}],"about":[{"href":"https:\/\/www.hgp-legal.de\/it\/wp-json\/wp\/v2\/types\/page"}],"author":[{"embeddable":true,"href":"https:\/\/www.hgp-legal.de\/it\/wp-json\/wp\/v2\/users\/1"}],"replies":[{"embeddable":true,"href":"https:\/\/www.hgp-legal.de\/it\/wp-json\/wp\/v2\/comments?post=1518"}],"version-history":[{"count":5,"href":"https:\/\/www.hgp-legal.de\/it\/wp-json\/wp\/v2\/pages\/1518\/revisions"}],"predecessor-version":[{"id":2282,"href":"https:\/\/www.hgp-legal.de\/it\/wp-json\/wp\/v2\/pages\/1518\/revisions\/2282"}],"wp:attachment":[{"href":"https:\/\/www.hgp-legal.de\/it\/wp-json\/wp\/v2\/media?parent=1518"}],"curies":[{"name":"wp","href":"https:\/\/api.w.org\/{rel}","templated":true}]}}