{"id":1528,"date":"2024-05-09T18:49:49","date_gmt":"2024-05-09T18:49:49","guid":{"rendered":"https:\/\/www.hgp-legal.de\/kontakt-hupe-gantenberg-rechtsanwaelte\/"},"modified":"2024-10-17T10:00:57","modified_gmt":"2024-10-17T10:00:57","slug":"contatti-hupe-gantenberg-rechtsanwaelte","status":"publish","type":"page","link":"https:\/\/www.hgp-legal.de\/it\/contatti-hupe-gantenberg-rechtsanwaelte\/","title":{"rendered":"Contatti"},"content":{"rendered":"<style>.kb-row-layout-id1528_bf1ecd-e5 > .kt-row-column-wrap{align-content:start;}:where(.kb-row-layout-id1528_bf1ecd-e5 > .kt-row-column-wrap) > .wp-block-kadence-column{justify-content:start;}.kb-row-layout-id1528_bf1ecd-e5 > .kt-row-column-wrap{column-gap:var(--global-kb-gap-md, 2rem);row-gap:var(--global-kb-gap-md, 2rem);padding-top:var(--global-kb-spacing-sm, 1.5rem);padding-bottom:var(--global-kb-spacing-sm, 1.5rem);grid-template-columns:minmax(0, 1fr);}.kb-row-layout-id1528_bf1ecd-e5 > .kt-row-layout-overlay{opacity:0.30;}@media all and (max-width: 1024px){.kb-row-layout-id1528_bf1ecd-e5 > .kt-row-column-wrap{grid-template-columns:minmax(0, 1fr);}}@media all and (max-width: 767px){.kb-row-layout-id1528_bf1ecd-e5 > .kt-row-column-wrap{grid-template-columns:minmax(0, 1fr);}}<\/style><div class=\"kb-row-layout-wrap kb-row-layout-id1528_bf1ecd-e5 alignnone has-theme-palette2-background-color kt-row-has-bg wp-block-kadence-rowlayout\"><div class=\"kt-row-column-wrap kt-has-1-columns kt-row-layout-equal kt-tab-layout-inherit kt-mobile-layout-row kt-row-valign-top\">\n<style>.kadence-column1528_9d6d3d-29 > .kt-inside-inner-col,.kadence-column1528_9d6d3d-29 > .kt-inside-inner-col:before{border-top-left-radius:0px;border-top-right-radius:0px;border-bottom-right-radius:0px;border-bottom-left-radius:0px;}.kadence-column1528_9d6d3d-29 > .kt-inside-inner-col{column-gap:var(--global-kb-gap-sm, 1rem);}.kadence-column1528_9d6d3d-29 > .kt-inside-inner-col{flex-direction:column;}.kadence-column1528_9d6d3d-29 > .kt-inside-inner-col > .aligncenter{width:100%;}.kadence-column1528_9d6d3d-29 > .kt-inside-inner-col:before{opacity:0.3;}.kadence-column1528_9d6d3d-29{position:relative;}@media all and (max-width: 1024px){.kadence-column1528_9d6d3d-29 > .kt-inside-inner-col{flex-direction:column;justify-content:center;}}@media all and (max-width: 767px){.kadence-column1528_9d6d3d-29 > .kt-inside-inner-col{flex-direction:column;justify-content:center;}}<\/style>\n<div class=\"wp-block-kadence-column kadence-column1528_9d6d3d-29\"><div class=\"kt-inside-inner-col\">\n<h1 class=\"wp-block-heading inhalt headd\">Contatti<\/h1>\n<\/div><\/div>\n\n<\/div><\/div>\n\n<style>.kb-row-layout-id1528_462dfa-5a > .kt-row-column-wrap{align-content:start;}:where(.kb-row-layout-id1528_462dfa-5a > .kt-row-column-wrap) > .wp-block-kadence-column{justify-content:start;}.kb-row-layout-id1528_462dfa-5a > .kt-row-column-wrap{column-gap:var(--global-kb-gap-md, 2rem);row-gap:var(--global-kb-gap-md, 2rem);padding-top:var(--global-kb-spacing-sm, 1.5rem);padding-bottom:var(--global-kb-spacing-sm, 1.5rem);grid-template-columns:minmax(0, 2fr) minmax(0, 1fr);}.kb-row-layout-id1528_462dfa-5a > .kt-row-layout-overlay{opacity:0.30;}@media all and (max-width: 1024px){.kb-row-layout-id1528_462dfa-5a > .kt-row-column-wrap{grid-template-columns:minmax(0, 2fr) minmax(0, 1fr);}}@media all and (max-width: 767px){.kb-row-layout-id1528_462dfa-5a > .kt-row-column-wrap{grid-template-columns:minmax(0, 1fr);}}<\/style><div class=\"kb-row-layout-wrap kb-row-layout-id1528_462dfa-5a alignnone has-theme-palette9-background-color kt-row-has-bg schmal kontakt upsi wp-block-kadence-rowlayout\"><div class=\"kt-row-column-wrap kt-has-2-columns kt-row-layout-left-golden kt-tab-layout-inherit kt-mobile-layout-row kt-row-valign-top\">\n<style>.kadence-column1528_f29855-74 > .kt-inside-inner-col,.kadence-column1528_f29855-74 > .kt-inside-inner-col:before{border-top-left-radius:0px;border-top-right-radius:0px;border-bottom-right-radius:0px;border-bottom-left-radius:0px;}.kadence-column1528_f29855-74 > .kt-inside-inner-col{column-gap:var(--global-kb-gap-sm, 1rem);}.kadence-column1528_f29855-74 > .kt-inside-inner-col{flex-direction:column;}.kadence-column1528_f29855-74 > .kt-inside-inner-col > .aligncenter{width:100%;}.kadence-column1528_f29855-74 > .kt-inside-inner-col:before{opacity:0.3;}.kadence-column1528_f29855-74{position:relative;}@media all and (max-width: 1024px){.kadence-column1528_f29855-74 > .kt-inside-inner-col{flex-direction:column;justify-content:center;}}@media all and (max-width: 767px){.kadence-column1528_f29855-74 > .kt-inside-inner-col{flex-direction:column;justify-content:center;}}<\/style>\n<div class=\"wp-block-kadence-column kadence-column1528_f29855-74 map\"><div class=\"kt-inside-inner-col\"><style>.kb-image1528_7860fc-78 .kb-image-has-overlay:after{opacity:0.3;}<\/style>\n<figure class=\"wp-block-kadence-image kb-image1528_7860fc-78 size-large\" data-aos=\"fade\" data-aos-duration=\"1800\" data-aos-easing=\"ease-in\"><img decoding=\"async\" width=\"1024\" height=\"727\" src=\"https:\/\/www.hgp-legal.de\/wp-content\/uploads\/2024\/05\/Hupe-Gantenberg-Anwaelte-Kanzlei-Gesellschaftsrecht-Muenchen-Anfahrt-1-1024x727.jpg\" alt=\"Hupe Gantenberg Rechtsanw\u00e4lte M\u00fcnchen Karolinenplatz, Anfahrtsskizze\" class=\"kb-img wp-image-117\" srcset=\"https:\/\/www.hgp-legal.de\/wp-content\/uploads\/2024\/05\/Hupe-Gantenberg-Anwaelte-Kanzlei-Gesellschaftsrecht-Muenchen-Anfahrt-1-1024x727.jpg 1024w, https:\/\/www.hgp-legal.de\/wp-content\/uploads\/2024\/05\/Hupe-Gantenberg-Anwaelte-Kanzlei-Gesellschaftsrecht-Muenchen-Anfahrt-1-300x213.jpg 300w, https:\/\/www.hgp-legal.de\/wp-content\/uploads\/2024\/05\/Hupe-Gantenberg-Anwaelte-Kanzlei-Gesellschaftsrecht-Muenchen-Anfahrt-1-768x545.jpg 768w, https:\/\/www.hgp-legal.de\/wp-content\/uploads\/2024\/05\/Hupe-Gantenberg-Anwaelte-Kanzlei-Gesellschaftsrecht-Muenchen-Anfahrt-1-1536x1090.jpg 1536w, https:\/\/www.hgp-legal.de\/wp-content\/uploads\/2024\/05\/Hupe-Gantenberg-Anwaelte-Kanzlei-Gesellschaftsrecht-Muenchen-Anfahrt-1.jpg 1725w\" sizes=\"(max-width: 1024px) 100vw, 1024px\" \/><\/figure>\n<\/div><\/div>\n\n\n<style>.kadence-column1528_59227a-0f > .kt-inside-inner-col{display:flex;}.kadence-column1528_59227a-0f > .kt-inside-inner-col,.kadence-column1528_59227a-0f > .kt-inside-inner-col:before{border-top-left-radius:0px;border-top-right-radius:0px;border-bottom-right-radius:0px;border-bottom-left-radius:0px;}.kadence-column1528_59227a-0f > .kt-inside-inner-col{column-gap:var(--global-kb-gap-sm, 1rem);}.kadence-column1528_59227a-0f > .kt-inside-inner-col{flex-direction:column;justify-content:center;}.kadence-column1528_59227a-0f > .kt-inside-inner-col > .aligncenter{width:100%;}.kt-row-column-wrap > .kadence-column1528_59227a-0f{align-self:center;}.kt-inner-column-height-full:not(.kt-has-1-columns) > .wp-block-kadence-column.kadence-column1528_59227a-0f{align-self:auto;}.kt-inner-column-height-full:not(.kt-has-1-columns) > .wp-block-kadence-column.kadence-column1528_59227a-0f > .kt-inside-inner-col{flex-direction:column;justify-content:center;}.kadence-column1528_59227a-0f > .kt-inside-inner-col:before{opacity:0.3;}.kadence-column1528_59227a-0f{position:relative;}@media all and (max-width: 1024px){.kt-row-column-wrap > .kadence-column1528_59227a-0f{align-self:center;}}@media all and (max-width: 1024px){.kt-inner-column-height-full:not(.kt-has-1-columns) > .wp-block-kadence-column.kadence-column1528_59227a-0f{align-self:auto;}}@media all and (max-width: 1024px){.kt-inner-column-height-full:not(.kt-has-1-columns) > .wp-block-kadence-column.kadence-column1528_59227a-0f > .kt-inside-inner-col{flex-direction:column;justify-content:center;}}@media all and (max-width: 1024px){.kadence-column1528_59227a-0f > .kt-inside-inner-col{flex-direction:column;justify-content:center;}}@media all and (max-width: 767px){.kt-row-column-wrap > .kadence-column1528_59227a-0f{align-self:center;}.kt-inner-column-height-full:not(.kt-has-1-columns) > .wp-block-kadence-column.kadence-column1528_59227a-0f{align-self:auto;}.kt-inner-column-height-full:not(.kt-has-1-columns) > .wp-block-kadence-column.kadence-column1528_59227a-0f > .kt-inside-inner-col{flex-direction:column;justify-content:center;}.kadence-column1528_59227a-0f > .kt-inside-inner-col{flex-direction:column;justify-content:center;}}<\/style>\n<div class=\"wp-block-kadence-column kadence-column1528_59227a-0f\"><div class=\"kt-inside-inner-col\">\n<figure class=\"wp-block-image size-full Siegel ups\"><img decoding=\"async\" width=\"836\" height=\"439\" src=\"https:\/\/www.hgp-legal.de\/wp-content\/uploads\/2024\/10\/Hupe-Gantenberg-Auszeichnungen-Best-Lawyer-1.png\" alt=\"Deutschlands beste Kanzleien Auszeichnung Handelsblatt, best lawers\" class=\"wp-image-2218\" srcset=\"https:\/\/www.hgp-legal.de\/wp-content\/uploads\/2024\/10\/Hupe-Gantenberg-Auszeichnungen-Best-Lawyer-1.png 836w, https:\/\/www.hgp-legal.de\/wp-content\/uploads\/2024\/10\/Hupe-Gantenberg-Auszeichnungen-Best-Lawyer-1-300x158.png 300w, https:\/\/www.hgp-legal.de\/wp-content\/uploads\/2024\/10\/Hupe-Gantenberg-Auszeichnungen-Best-Lawyer-1-768x403.png 768w\" sizes=\"(max-width: 836px) 100vw, 836px\" \/><\/figure>\n\n\n\n<h2 class=\"wp-block-heading headstart2\"><\/h2>\n\n\n\n<p><strong>HUPE | GANTENBERG<\/strong><br>Rechtsanw\u00e4lte Partnerschaft mbB <br>Brienner Stra\u00dfe 25<br>80333 Monaco<\/p>\n\n\n\n<p>Tel: <a href=\"tel:+4989890555\">+49 (0)89 890 555<\/a> 6-0<br>E-Mail: <a href=\"mailto:info@hgp-legal.de\">info@hgp-legal.de<\/a><br><br><strong><a href=\"https:\/\/www.google.de\/maps?q=Brienner+Stra%C3%9Fe+25&amp;hl=de&amp;ie=UTF8&amp;sll=48.144055,11.571007&amp;sspn=0.009493,0.01663&amp;gl=de&amp;hnear=Brienner+Stra%C3%9Fe+25,+80333+M%C3%BCnchen,+Oberbayern,+Bayern&amp;t=m&amp;z=16\">Googlemaps<\/a><\/strong><\/p>\n<\/div><\/div>\n\n<\/div><\/div>","protected":false},"excerpt":{"rendered":"<p>Contatti HUPE | GANTENBERGRechtsanw\u00e4lte Partnerschaft mbB Brienner Stra\u00dfe 2580333 Monaco Tel: +49 (0)89 890 555 6-0E-Mail: info@hgp-legal.de Googlemaps<\/p>\n","protected":false},"author":1,"featured_media":0,"parent":0,"menu_order":0,"comment_status":"closed","ping_status":"closed","template":"","meta":{"_kad_blocks_custom_css":"","_kad_blocks_head_custom_js":"","_kad_blocks_body_custom_js":"","_kad_blocks_footer_custom_js":"","_kad_post_transparent":"","_kad_post_title":"","_kad_post_layout":"","_kad_post_sidebar_id":"","_kad_post_content_style":"","_kad_post_vertical_padding":"","_kad_post_feature":"","_kad_post_feature_position":"","_kad_post_header":false,"_kad_post_footer":false,"footnotes":""},"class_list":["post-1528","page","type-page","status-publish","hentry"],"yoast_head":"<!-- This site is optimized with the Yoast SEO plugin v27.3 - https:\/\/yoast.com\/product\/yoast-seo-wordpress\/ -->\n<title>Contatti | HUPE | GANTENBERG<\/title>\n<meta name=\"description\" content=\"Kontakt: HUPE | GANTENBERG Rechtsanw\u00e4lte, Brienner Stra\u00dfe 25, 80333 M\u00fcnchen, Tel: +49 (0)89 890 555 6-0, E-Mail: info@hgp-legal.de\" \/>\n<meta name=\"robots\" content=\"index, follow, max-snippet:-1, max-image-preview:large, max-video-preview:-1\" \/>\n<link rel=\"canonical\" href=\"https:\/\/www.hgp-legal.de\/it\/contatti-hupe-gantenberg-rechtsanwaelte\/\" \/>\n<meta property=\"og:locale\" content=\"it_IT\" \/>\n<meta property=\"og:type\" content=\"article\" \/>\n<meta property=\"og:title\" content=\"Contatti | HUPE | GANTENBERG\" \/>\n<meta property=\"og:description\" content=\"Kontakt: HUPE | GANTENBERG Rechtsanw\u00e4lte, Brienner Stra\u00dfe 25, 80333 M\u00fcnchen, Tel: +49 (0)89 890 555 6-0, E-Mail: info@hgp-legal.de\" \/>\n<meta property=\"og:url\" content=\"https:\/\/www.hgp-legal.de\/it\/contatti-hupe-gantenberg-rechtsanwaelte\/\" \/>\n<meta property=\"og:site_name\" content=\"HUPE | GANTENBERG\" \/>\n<meta property=\"article:modified_time\" content=\"2024-10-17T10:00:57+00:00\" \/>\n<meta property=\"og:image\" content=\"https:\/\/www.hgp-legal.de\/wp-content\/uploads\/2024\/05\/Hupe-Gantenberg-Anwaelte-Kanzlei-Gesellschaftsrecht-Muenchen-Anfahrt-1-1024x727.jpg\" \/>\n<meta name=\"twitter:card\" content=\"summary_large_image\" \/>\n<meta name=\"twitter:label1\" content=\"Tempo di lettura stimato\" \/>\n\t<meta name=\"twitter:data1\" content=\"1 minuto\" \/>\n<script type=\"application\/ld+json\" class=\"yoast-schema-graph\">{\"@context\":\"https:\\\/\\\/schema.org\",\"@graph\":[{\"@type\":\"WebPage\",\"@id\":\"https:\\\/\\\/www.hgp-legal.de\\\/it\\\/contatti-hupe-gantenberg-rechtsanwaelte\\\/\",\"url\":\"https:\\\/\\\/www.hgp-legal.de\\\/it\\\/contatti-hupe-gantenberg-rechtsanwaelte\\\/\",\"name\":\"Contatti | HUPE | GANTENBERG\",\"isPartOf\":{\"@id\":\"https:\\\/\\\/www.hgp-legal.de\\\/it\\\/#website\"},\"primaryImageOfPage\":{\"@id\":\"https:\\\/\\\/www.hgp-legal.de\\\/it\\\/contatti-hupe-gantenberg-rechtsanwaelte\\\/#primaryimage\"},\"image\":{\"@id\":\"https:\\\/\\\/www.hgp-legal.de\\\/it\\\/contatti-hupe-gantenberg-rechtsanwaelte\\\/#primaryimage\"},\"thumbnailUrl\":\"https:\\\/\\\/www.hgp-legal.de\\\/wp-content\\\/uploads\\\/2024\\\/05\\\/Hupe-Gantenberg-Anwaelte-Kanzlei-Gesellschaftsrecht-Muenchen-Anfahrt-1-1024x727.jpg\",\"datePublished\":\"2024-05-09T18:49:49+00:00\",\"dateModified\":\"2024-10-17T10:00:57+00:00\",\"description\":\"Kontakt: HUPE | GANTENBERG Rechtsanw\u00e4lte, Brienner Stra\u00dfe 25, 80333 M\u00fcnchen, Tel: +49 (0)89 890 555 6-0, E-Mail: info@hgp-legal.de\",\"inLanguage\":\"it-IT\",\"potentialAction\":[{\"@type\":\"ReadAction\",\"target\":[\"https:\\\/\\\/www.hgp-legal.de\\\/it\\\/contatti-hupe-gantenberg-rechtsanwaelte\\\/\"]}]},{\"@type\":\"ImageObject\",\"inLanguage\":\"it-IT\",\"@id\":\"https:\\\/\\\/www.hgp-legal.de\\\/it\\\/contatti-hupe-gantenberg-rechtsanwaelte\\\/#primaryimage\",\"url\":\"https:\\\/\\\/www.hgp-legal.de\\\/wp-content\\\/uploads\\\/2024\\\/05\\\/Hupe-Gantenberg-Anwaelte-Kanzlei-Gesellschaftsrecht-Muenchen-Anfahrt-1-1024x727.jpg\",\"contentUrl\":\"https:\\\/\\\/www.hgp-legal.de\\\/wp-content\\\/uploads\\\/2024\\\/05\\\/Hupe-Gantenberg-Anwaelte-Kanzlei-Gesellschaftsrecht-Muenchen-Anfahrt-1-1024x727.jpg\"},{\"@type\":\"WebSite\",\"@id\":\"https:\\\/\\\/www.hgp-legal.de\\\/it\\\/#website\",\"url\":\"https:\\\/\\\/www.hgp-legal.de\\\/it\\\/\",\"name\":\"HUPE | GANTENBERG\",\"description\":\"Studio Legale Boutique\",\"publisher\":{\"@id\":\"https:\\\/\\\/www.hgp-legal.de\\\/it\\\/#organization\"},\"potentialAction\":[{\"@type\":\"SearchAction\",\"target\":{\"@type\":\"EntryPoint\",\"urlTemplate\":\"https:\\\/\\\/www.hgp-legal.de\\\/it\\\/?s={search_term_string}\"},\"query-input\":{\"@type\":\"PropertyValueSpecification\",\"valueRequired\":true,\"valueName\":\"search_term_string\"}}],\"inLanguage\":\"it-IT\"},{\"@type\":\"Organization\",\"@id\":\"https:\\\/\\\/www.hgp-legal.de\\\/it\\\/#organization\",\"name\":\"HUPE | GANTENBERG\",\"url\":\"https:\\\/\\\/www.hgp-legal.de\\\/it\\\/\",\"logo\":{\"@type\":\"ImageObject\",\"inLanguage\":\"it-IT\",\"@id\":\"https:\\\/\\\/www.hgp-legal.de\\\/it\\\/#\\\/schema\\\/logo\\\/image\\\/\",\"url\":\"https:\\\/\\\/www.hgp-legal.de\\\/wp-content\\\/uploads\\\/2024\\\/05\\\/Hupe-Gantenberg-Rechtsanwaelte.png\",\"contentUrl\":\"https:\\\/\\\/www.hgp-legal.de\\\/wp-content\\\/uploads\\\/2024\\\/05\\\/Hupe-Gantenberg-Rechtsanwaelte.png\",\"width\":1182,\"height\":200,\"caption\":\"HUPE | GANTENBERG\"},\"image\":{\"@id\":\"https:\\\/\\\/www.hgp-legal.de\\\/it\\\/#\\\/schema\\\/logo\\\/image\\\/\"},\"sameAs\":[\"https:\\\/\\\/de.linkedin.com\\\/company\\\/hupe-gantenberg-rechtsanwlte\"]}]}<\/script>\n<!-- \/ Yoast SEO plugin. -->","yoast_head_json":{"title":"Contatti | HUPE | GANTENBERG","description":"Kontakt: HUPE | GANTENBERG Rechtsanw\u00e4lte, Brienner Stra\u00dfe 25, 80333 M\u00fcnchen, Tel: +49 (0)89 890 555 6-0, E-Mail: info@hgp-legal.de","robots":{"index":"index","follow":"follow","max-snippet":"max-snippet:-1","max-image-preview":"max-image-preview:large","max-video-preview":"max-video-preview:-1"},"canonical":"https:\/\/www.hgp-legal.de\/it\/contatti-hupe-gantenberg-rechtsanwaelte\/","og_locale":"it_IT","og_type":"article","og_title":"Contatti | HUPE | GANTENBERG","og_description":"Kontakt: HUPE | GANTENBERG Rechtsanw\u00e4lte, Brienner Stra\u00dfe 25, 80333 M\u00fcnchen, Tel: +49 (0)89 890 555 6-0, E-Mail: info@hgp-legal.de","og_url":"https:\/\/www.hgp-legal.de\/it\/contatti-hupe-gantenberg-rechtsanwaelte\/","og_site_name":"HUPE | GANTENBERG","article_modified_time":"2024-10-17T10:00:57+00:00","og_image":[{"url":"https:\/\/www.hgp-legal.de\/wp-content\/uploads\/2024\/05\/Hupe-Gantenberg-Anwaelte-Kanzlei-Gesellschaftsrecht-Muenchen-Anfahrt-1-1024x727.jpg","type":"","width":"","height":""}],"twitter_card":"summary_large_image","twitter_misc":{"Tempo di lettura stimato":"1 minuto"},"schema":{"@context":"https:\/\/schema.org","@graph":[{"@type":"WebPage","@id":"https:\/\/www.hgp-legal.de\/it\/contatti-hupe-gantenberg-rechtsanwaelte\/","url":"https:\/\/www.hgp-legal.de\/it\/contatti-hupe-gantenberg-rechtsanwaelte\/","name":"Contatti | HUPE | GANTENBERG","isPartOf":{"@id":"https:\/\/www.hgp-legal.de\/it\/#website"},"primaryImageOfPage":{"@id":"https:\/\/www.hgp-legal.de\/it\/contatti-hupe-gantenberg-rechtsanwaelte\/#primaryimage"},"image":{"@id":"https:\/\/www.hgp-legal.de\/it\/contatti-hupe-gantenberg-rechtsanwaelte\/#primaryimage"},"thumbnailUrl":"https:\/\/www.hgp-legal.de\/wp-content\/uploads\/2024\/05\/Hupe-Gantenberg-Anwaelte-Kanzlei-Gesellschaftsrecht-Muenchen-Anfahrt-1-1024x727.jpg","datePublished":"2024-05-09T18:49:49+00:00","dateModified":"2024-10-17T10:00:57+00:00","description":"Kontakt: HUPE | GANTENBERG Rechtsanw\u00e4lte, Brienner Stra\u00dfe 25, 80333 M\u00fcnchen, Tel: +49 (0)89 890 555 6-0, E-Mail: info@hgp-legal.de","inLanguage":"it-IT","potentialAction":[{"@type":"ReadAction","target":["https:\/\/www.hgp-legal.de\/it\/contatti-hupe-gantenberg-rechtsanwaelte\/"]}]},{"@type":"ImageObject","inLanguage":"it-IT","@id":"https:\/\/www.hgp-legal.de\/it\/contatti-hupe-gantenberg-rechtsanwaelte\/#primaryimage","url":"https:\/\/www.hgp-legal.de\/wp-content\/uploads\/2024\/05\/Hupe-Gantenberg-Anwaelte-Kanzlei-Gesellschaftsrecht-Muenchen-Anfahrt-1-1024x727.jpg","contentUrl":"https:\/\/www.hgp-legal.de\/wp-content\/uploads\/2024\/05\/Hupe-Gantenberg-Anwaelte-Kanzlei-Gesellschaftsrecht-Muenchen-Anfahrt-1-1024x727.jpg"},{"@type":"WebSite","@id":"https:\/\/www.hgp-legal.de\/it\/#website","url":"https:\/\/www.hgp-legal.de\/it\/","name":"HUPE | GANTENBERG","description":"Studio Legale Boutique","publisher":{"@id":"https:\/\/www.hgp-legal.de\/it\/#organization"},"potentialAction":[{"@type":"SearchAction","target":{"@type":"EntryPoint","urlTemplate":"https:\/\/www.hgp-legal.de\/it\/?s={search_term_string}"},"query-input":{"@type":"PropertyValueSpecification","valueRequired":true,"valueName":"search_term_string"}}],"inLanguage":"it-IT"},{"@type":"Organization","@id":"https:\/\/www.hgp-legal.de\/it\/#organization","name":"HUPE | GANTENBERG","url":"https:\/\/www.hgp-legal.de\/it\/","logo":{"@type":"ImageObject","inLanguage":"it-IT","@id":"https:\/\/www.hgp-legal.de\/it\/#\/schema\/logo\/image\/","url":"https:\/\/www.hgp-legal.de\/wp-content\/uploads\/2024\/05\/Hupe-Gantenberg-Rechtsanwaelte.png","contentUrl":"https:\/\/www.hgp-legal.de\/wp-content\/uploads\/2024\/05\/Hupe-Gantenberg-Rechtsanwaelte.png","width":1182,"height":200,"caption":"HUPE | GANTENBERG"},"image":{"@id":"https:\/\/www.hgp-legal.de\/it\/#\/schema\/logo\/image\/"},"sameAs":["https:\/\/de.linkedin.com\/company\/hupe-gantenberg-rechtsanwlte"]}]}},"taxonomy_info":[],"featured_image_src_large":false,"author_info":{"display_name":"admin","author_link":"https:\/\/www.hgp-legal.de\/it\/author\/lindamaerkl_tai7ect4\/"},"comment_info":0,"_links":{"self":[{"href":"https:\/\/www.hgp-legal.de\/it\/wp-json\/wp\/v2\/pages\/1528","targetHints":{"allow":["GET"]}}],"collection":[{"href":"https:\/\/www.hgp-legal.de\/it\/wp-json\/wp\/v2\/pages"}],"about":[{"href":"https:\/\/www.hgp-legal.de\/it\/wp-json\/wp\/v2\/types\/page"}],"author":[{"embeddable":true,"href":"https:\/\/www.hgp-legal.de\/it\/wp-json\/wp\/v2\/users\/1"}],"replies":[{"embeddable":true,"href":"https:\/\/www.hgp-legal.de\/it\/wp-json\/wp\/v2\/comments?post=1528"}],"version-history":[{"count":2,"href":"https:\/\/www.hgp-legal.de\/it\/wp-json\/wp\/v2\/pages\/1528\/revisions"}],"predecessor-version":[{"id":2239,"href":"https:\/\/www.hgp-legal.de\/it\/wp-json\/wp\/v2\/pages\/1528\/revisions\/2239"}],"wp:attachment":[{"href":"https:\/\/www.hgp-legal.de\/it\/wp-json\/wp\/v2\/media?parent=1528"}],"curies":[{"name":"wp","href":"https:\/\/api.w.org\/{rel}","templated":true}]}}